{"id":2178,"date":"2024-08-11T07:01:10","date_gmt":"2024-08-11T07:01:10","guid":{"rendered":"https:\/\/aftx.learning.fiscaltransparency.net\/?page_id=2178"},"modified":"2024-08-12T10:09:23","modified_gmt":"2024-08-12T10:09:23","slug":"sobre","status":"publish","type":"page","link":"https:\/\/aftx.learning.fiscaltransparency.net\/es\/sobre\/","title":{"rendered":"Sobre"},"content":{"rendered":"\t\t<div data-elementor-type=\"wp-page\" data-elementor-id=\"2178\" class=\"elementor elementor-2178\" data-elementor-post-type=\"page\">\n\t\t\t\t\t\t<section class=\"elementor-section elementor-top-section elementor-element elementor-element-f2b1efc elementor-section-boxed elementor-section-height-default elementor-section-height-default\" data-id=\"f2b1efc\" data-element_type=\"section\">\n\t\t\t\t\t\t<div class=\"elementor-container elementor-column-gap-default\">\n\t\t\t\t\t<div class=\"elementor-column elementor-col-100 elementor-top-column elementor-element elementor-element-2be4406a\" data-id=\"2be4406a\" data-element_type=\"column\">\n\t\t\t<div class=\"elementor-widget-wrap elementor-element-populated\">\n\t\t\t\t\t\t<div class=\"elementor-element elementor-element-4aad92d7 elementor--h-position-center elementor--v-position-middle elementor-arrows-position-inside elementor-pagination-position-inside elementor-widget elementor-widget-slides\" data-id=\"4aad92d7\" data-element_type=\"widget\" data-settings=\"{&quot;navigation&quot;:&quot;both&quot;,&quot;autoplay&quot;:&quot;yes&quot;,&quot;pause_on_hover&quot;:&quot;yes&quot;,&quot;pause_on_interaction&quot;:&quot;yes&quot;,&quot;autoplay_speed&quot;:5000,&quot;infinite&quot;:&quot;yes&quot;,&quot;transition&quot;:&quot;slide&quot;,&quot;transition_speed&quot;:500}\" data-widget_type=\"slides.default\">\n\t\t\t\t<div class=\"elementor-widget-container\">\n\t\t\t\t\t<div class=\"elementor-swiper\">\n\t\t\t<div class=\"elementor-slides-wrapper elementor-main-swiper swiper\" dir=\"ltr\" data-animation=\"fadeInUp\">\n\t\t\t\t<div class=\"swiper-wrapper elementor-slides\">\n\t\t\t\t\t\t\t\t\t\t<div class=\"elementor-repeater-item-0bc97fc swiper-slide\"><div class=\"swiper-slide-bg\" role=\"img\"><\/div><div class=\"swiper-slide-inner\" ><div class=\"swiper-slide-contents\"><\/div><\/div><\/div>\t\t\t\t<\/div>\n\t\t\t\t\t\t\t<\/div>\n\t\t<\/div>\n\t\t\t\t<\/div>\n\t\t\t\t<\/div>\n\t\t\t\t\t<\/div>\n\t\t<\/div>\n\t\t\t\t\t<\/div>\n\t\t<\/section>\n\t\t\t\t<section class=\"elementor-section elementor-top-section elementor-element elementor-element-6190c4b1 elementor-section-boxed elementor-section-height-default elementor-section-height-default\" data-id=\"6190c4b1\" data-element_type=\"section\">\n\t\t\t\t\t\t<div class=\"elementor-container elementor-column-gap-default\">\n\t\t\t\t\t<div class=\"elementor-column elementor-col-33 elementor-top-column elementor-element elementor-element-6d857f7d\" data-id=\"6d857f7d\" data-element_type=\"column\">\n\t\t\t<div class=\"elementor-widget-wrap elementor-element-populated\">\n\t\t\t\t\t\t<div class=\"elementor-element elementor-element-596cb33f elementor-widget elementor-widget-heading\" data-id=\"596cb33f\" data-element_type=\"widget\" data-widget_type=\"heading.default\">\n\t\t\t\t<div class=\"elementor-widget-container\">\n\t\t\t<h2 class=\"elementor-heading-title elementor-size-default\">SOBRE EL CURSO<\/h2>\t\t<\/div>\n\t\t\t\t<\/div>\n\t\t\t\t<div class=\"elementor-element elementor-element-2b095529 elementor-widget elementor-widget-text-editor\" data-id=\"2b095529\" data-element_type=\"widget\" data-widget_type=\"text-editor.default\">\n\t\t\t\t<div class=\"elementor-widget-container\">\n\t\t\t\t\t\t\t<p><span style=\"font-weight: 400\">La transparencia presupuestaria es fundamental para la rendici\u00f3n de cuentas del gobierno y garantizar el uso eficiente y equitativo de los recursos p\u00fablicos. Sin embargo, en todo el mundo, la transparencia presupuestaria ha mejorado a un ritmo lento. Factores pol\u00edticos, la comprensi\u00f3n limitada de la importancia de la transparencia presupuestaria y sus beneficios, y las limitaciones de capacidad son barreras clave que impiden el progreso de los pa\u00edses en lograr una mayor transparencia.<\/span><\/p><p><span style=\"font-weight: 400\">Sin embargo, la transparencia presupuestaria es clave para permitir que la ciudadan\u00eda, las y los contribuyentes y otros actores comprendan el prop\u00f3sito y los detalles de los paquetes de pol\u00edticas fiscales y sus impactos propuestos, ayudando as\u00ed a generar confianza, apoyando la implementaci\u00f3n y facilitando su evaluaci\u00f3n, todo lo cual puede ayudar a prevenir el uso indebido de los recursos. Naturalmente, las instituciones financieras internacionales y los donantes tambi\u00e9n dependen cada vez m\u00e1s de la transparencia presupuestaria que ejercen los pa\u00edses para garantizar que los fondos significativos que est\u00e1n desembolsando puedan ser rastreados y auementar la probabilidad que dichos fondos se utilicen adecuadamente. La emergencia del COVID-19 ilustr\u00f3 los desaf\u00edos de coordinaci\u00f3n y vinculaci\u00f3n entre diversos sistemas internos de informaci\u00f3n financiera. Por ejemplo, la transparencia presupuestaria, incluso cuando las pol\u00edticas fiscales est\u00e1n respondiendo a una pandemia de salud, requiere una amplia gama de informaci\u00f3n, no solo datos del sector salud.<\/span><\/p>\t\t\t\t\t\t<\/div>\n\t\t\t\t<\/div>\n\t\t\t\t\t<\/div>\n\t\t<\/div>\n\t\t\t\t<div class=\"elementor-column elementor-col-66 elementor-top-column elementor-element elementor-element-7d02a036\" data-id=\"7d02a036\" data-element_type=\"column\">\n\t\t\t<div class=\"elementor-widget-wrap elementor-element-populated\">\n\t\t\t\t\t\t<div class=\"elementor-element elementor-element-1cddf33c elementor-cta--skin-classic elementor-animated-content elementor-bg-transform elementor-bg-transform-zoom-in elementor-widget elementor-widget-call-to-action\" data-id=\"1cddf33c\" data-element_type=\"widget\" data-widget_type=\"call-to-action.default\">\n\t\t\t\t<div class=\"elementor-widget-container\">\n\t\t\t\t\t<div class=\"elementor-cta\">\n\t\t\t\t\t<div class=\"elementor-cta__bg-wrapper\">\n\t\t\t\t<div class=\"elementor-cta__bg elementor-bg\" style=\"background-image: url(https:\/\/d2dl4wi9c2tbm3.cloudfront.net\/19\/2024\/05\/AFT_MAIN-KV_SPANISH-01-scaled.jpg);\" role=\"img\" aria-label=\"AFT_MAIN KV_SPANISH-01\"><\/div>\n\t\t\t\t<div class=\"elementor-cta__bg-overlay\"><\/div>\n\t\t\t<\/div>\n\t\t\t\t\t\t\t<div class=\"elementor-cta__content\">\n\t\t\t\t\n\t\t\t\t\t\t\t\t\t<h2 class=\"elementor-cta__title elementor-cta__content-item elementor-content-item\">\n\t\t\t\t\t\t\u00a1Inscr\u00edbete ahora!\t\t\t\t\t<\/h2>\n\t\t\t\t\n\t\t\t\t\n\t\t\t\t\t\t\t\t\t<div class=\"elementor-cta__button-wrapper elementor-cta__content-item elementor-content-item \">\n\t\t\t\t\t<a class=\"elementor-cta__button elementor-button elementor-size-\" href=\"https:\/\/aftx.learning.fiscaltransparency.net\/courses\/\">\n\t\t\t\t\t\t Haz clic aqu\u00ed para ver los cursos disponibles\t\t\t\t\t<\/a>\n\t\t\t\t\t<\/div>\n\t\t\t\t\t\t\t<\/div>\n\t\t\t\t\t\t<\/div>\n\t\t\t\t<\/div>\n\t\t\t\t<\/div>\n\t\t\t\t\t<\/div>\n\t\t<\/div>\n\t\t\t\t\t<\/div>\n\t\t<\/section>\n\t\t\t\t<section class=\"elementor-section elementor-top-section elementor-element elementor-element-695f7375 elementor-section-boxed elementor-section-height-default elementor-section-height-default\" data-id=\"695f7375\" data-element_type=\"section\">\n\t\t\t\t\t\t<div class=\"elementor-container elementor-column-gap-default\">\n\t\t\t\t\t<div class=\"elementor-column elementor-col-100 elementor-top-column elementor-element elementor-element-4f25fc78\" data-id=\"4f25fc78\" data-element_type=\"column\">\n\t\t\t<div class=\"elementor-widget-wrap elementor-element-populated\">\n\t\t\t\t\t\t<div class=\"elementor-element elementor-element-4c8d3d2d elementor-widget elementor-widget-heading\" data-id=\"4c8d3d2d\" data-element_type=\"widget\" data-widget_type=\"heading.default\">\n\t\t\t\t<div class=\"elementor-widget-container\">\n\t\t\t<h2 class=\"elementor-heading-title elementor-size-default\">Objetivo del curso<\/h2>\t\t<\/div>\n\t\t\t\t<\/div>\n\t\t\t\t<div class=\"elementor-element elementor-element-36239183 elementor-widget elementor-widget-text-editor\" data-id=\"36239183\" data-element_type=\"widget\" data-widget_type=\"text-editor.default\">\n\t\t\t\t<div class=\"elementor-widget-container\">\n\t\t\t\t\t\t\t<p><span style=\"font-weight: 400\"><strong>Este curso tiene como objetivo proporcionar a las y los participantes los conocimientos y recursos para avanzar en la transparencia presupuestaria.<\/strong><\/span><\/p><p><span style=\"font-weight: 400\">Ofrece marcos, herramientas de investigaci\u00f3n y explicaciones detalladas para hacer que la informaci\u00f3n presupuestaria sea m\u00e1s abierta y accesible para todos los interesados.<\/span><\/p>\t\t\t\t\t\t<\/div>\n\t\t\t\t<\/div>\n\t\t\t\t\t<\/div>\n\t\t<\/div>\n\t\t\t\t\t<\/div>\n\t\t<\/section>\n\t\t\t\t<section class=\"elementor-section elementor-top-section elementor-element elementor-element-6ec56774 elementor-section-boxed elementor-section-height-default elementor-section-height-default\" data-id=\"6ec56774\" data-element_type=\"section\">\n\t\t\t\t\t\t<div class=\"elementor-container elementor-column-gap-default\">\n\t\t\t\t\t<div class=\"elementor-column elementor-col-100 elementor-top-column elementor-element elementor-element-51b4c073\" data-id=\"51b4c073\" data-element_type=\"column\">\n\t\t\t<div class=\"elementor-widget-wrap elementor-element-populated\">\n\t\t\t\t\t\t<div class=\"elementor-element elementor-element-368b2697 elementor-widget elementor-widget-heading\" data-id=\"368b2697\" data-element_type=\"widget\" data-widget_type=\"heading.default\">\n\t\t\t\t<div class=\"elementor-widget-container\">\n\t\t\t<h2 class=\"elementor-heading-title elementor-size-default\">Audiencia objetivo<\/h2>\t\t<\/div>\n\t\t\t\t<\/div>\n\t\t\t\t<div class=\"elementor-element elementor-element-1d8a2805 elementor-widget elementor-widget-text-editor\" data-id=\"1d8a2805\" data-element_type=\"widget\" data-widget_type=\"text-editor.default\">\n\t\t\t\t<div class=\"elementor-widget-container\">\n\t\t\t\t\t\t\t<p><span style=\"font-weight: 400\">La audiencia objetivo para este curso son funcionarios gubernamentales de ministerios de finanzas, legislaturas y auditor\u00edas nacionales; representantes de la sociedad civil; organizaciones internacionales y cualquier otra persona u organizaci\u00f3n interesada en mejorar la transparencia presupuestaria en sus respectivos pa\u00edses y a nivel mundial.<\/span><\/p>\t\t\t\t\t\t<\/div>\n\t\t\t\t<\/div>\n\t\t\t\t\t<\/div>\n\t\t<\/div>\n\t\t\t\t\t<\/div>\n\t\t<\/section>\n\t\t\t\t<section class=\"elementor-section elementor-top-section elementor-element elementor-element-5514c45 elementor-section-boxed elementor-section-height-default elementor-section-height-default\" data-id=\"5514c45\" data-element_type=\"section\">\n\t\t\t\t\t\t<div class=\"elementor-container elementor-column-gap-default\">\n\t\t\t\t\t<div class=\"elementor-column elementor-col-100 elementor-top-column elementor-element elementor-element-22a49eb1\" data-id=\"22a49eb1\" data-element_type=\"column\">\n\t\t\t<div class=\"elementor-widget-wrap elementor-element-populated\">\n\t\t\t\t\t\t<div class=\"elementor-element elementor-element-62d2ae7b elementor-widget elementor-widget-heading\" data-id=\"62d2ae7b\" data-element_type=\"widget\" data-widget_type=\"heading.default\">\n\t\t\t\t<div class=\"elementor-widget-container\">\n\t\t\t<h2 class=\"elementor-heading-title elementor-size-default\">Contenido del curso<\/h2>\t\t<\/div>\n\t\t\t\t<\/div>\n\t\t\t\t<div class=\"elementor-element elementor-element-332f29ad elementor-widget elementor-widget-text-editor\" data-id=\"332f29ad\" data-element_type=\"widget\" data-widget_type=\"text-editor.default\">\n\t\t\t\t<div class=\"elementor-widget-container\">\n\t\t\t\t\t\t\t<p><span style=\"font-weight: 400\">El curso consta de cinco m\u00f3dulos diferentes. <\/span><\/p>\t\t\t\t\t\t<\/div>\n\t\t\t\t<\/div>\n\t\t\t\t\t<\/div>\n\t\t<\/div>\n\t\t\t\t\t<\/div>\n\t\t<\/section>\n\t\t\t\t<section class=\"elementor-section elementor-top-section elementor-element elementor-element-deb96a6 elementor-section-boxed elementor-section-height-default elementor-section-height-default\" data-id=\"deb96a6\" data-element_type=\"section\">\n\t\t\t\t\t\t<div class=\"elementor-container elementor-column-gap-default\">\n\t\t\t\t\t<div class=\"elementor-column elementor-col-20 elementor-top-column elementor-element elementor-element-45505ab5\" data-id=\"45505ab5\" data-element_type=\"column\">\n\t\t\t<div class=\"elementor-widget-wrap elementor-element-populated\">\n\t\t\t\t\t\t<div class=\"elementor-element elementor-element-1d1c2363 elementor-widget elementor-widget-image\" data-id=\"1d1c2363\" data-element_type=\"widget\" data-widget_type=\"image.default\">\n\t\t\t\t<div class=\"elementor-widget-container\">\n\t\t\t\t\t\t\t\t\t\t\t\t\t<img srcset='https:\/\/d2dl4wi9c2tbm3.cloudfront.net\/19\/2024\/08\/AFT_Module1_Spanish-01-300x169.jpg 300w, https:\/\/d2dl4wi9c2tbm3.cloudfront.net\/19\/2024\/08\/AFT_Module1_Spanish-01-768x432.jpg 768w, https:\/\/d2dl4wi9c2tbm3.cloudfront.net\/19\/2024\/08\/AFT_Module1_Spanish-01-1024x576.jpg 1024w' sizes='(max-width: 1024px) 100vw, 1024px' fetchpriority=\"high\" decoding=\"async\" width=\"1024\" height=\"576\" src=\"https:\/\/d2dl4wi9c2tbm3.cloudfront.net\/19\/2024\/08\/AFT_Module1_Spanish-01-1024x576.jpg\" class=\"attachment-large size-large wp-image-2181\" alt=\"\" \/>\t\t\t\t\t\t\t\t\t\t\t\t\t<\/div>\n\t\t\t\t<\/div>\n\t\t\t\t\t<\/div>\n\t\t<\/div>\n\t\t\t\t<div class=\"elementor-column elementor-col-20 elementor-top-column elementor-element elementor-element-5b47642d\" data-id=\"5b47642d\" data-element_type=\"column\">\n\t\t\t<div class=\"elementor-widget-wrap elementor-element-populated\">\n\t\t\t\t\t\t<div class=\"elementor-element elementor-element-5be11b17 elementor-widget elementor-widget-image\" data-id=\"5be11b17\" data-element_type=\"widget\" data-widget_type=\"image.default\">\n\t\t\t\t<div class=\"elementor-widget-container\">\n\t\t\t\t\t\t\t\t\t\t\t\t\t<img srcset='https:\/\/d2dl4wi9c2tbm3.cloudfront.net\/19\/2024\/08\/AFT_Module2_FINAL_Spanish-01-300x169.jpg 300w, https:\/\/d2dl4wi9c2tbm3.cloudfront.net\/19\/2024\/08\/AFT_Module2_FINAL_Spanish-01-768x432.jpg 768w, https:\/\/d2dl4wi9c2tbm3.cloudfront.net\/19\/2024\/08\/AFT_Module2_FINAL_Spanish-01-1024x576.jpg 1024w' sizes='(max-width: 1024px) 100vw, 1024px' decoding=\"async\" width=\"1024\" height=\"576\" src=\"https:\/\/d2dl4wi9c2tbm3.cloudfront.net\/19\/2024\/08\/AFT_Module2_FINAL_Spanish-01-1024x576.jpg\" class=\"attachment-large size-large wp-image-2184\" alt=\"\" \/>\t\t\t\t\t\t\t\t\t\t\t\t\t<\/div>\n\t\t\t\t<\/div>\n\t\t\t\t\t<\/div>\n\t\t<\/div>\n\t\t\t\t<div class=\"elementor-column elementor-col-20 elementor-top-column elementor-element elementor-element-7ca9be9f\" data-id=\"7ca9be9f\" data-element_type=\"column\">\n\t\t\t<div class=\"elementor-widget-wrap elementor-element-populated\">\n\t\t\t\t\t\t<div class=\"elementor-element elementor-element-4419121a elementor-widget elementor-widget-image\" data-id=\"4419121a\" data-element_type=\"widget\" data-widget_type=\"image.default\">\n\t\t\t\t<div class=\"elementor-widget-container\">\n\t\t\t\t\t\t\t\t\t\t\t\t\t<img srcset='https:\/\/d2dl4wi9c2tbm3.cloudfront.net\/19\/2024\/08\/AFT_Module3_Spanish-01-300x169.png 300w, https:\/\/d2dl4wi9c2tbm3.cloudfront.net\/19\/2024\/08\/AFT_Module3_Spanish-01-768x432.png 768w, https:\/\/d2dl4wi9c2tbm3.cloudfront.net\/19\/2024\/08\/AFT_Module3_Spanish-01-1024x576.png 1024w' sizes='(max-width: 1024px) 100vw, 1024px' decoding=\"async\" width=\"1024\" height=\"576\" src=\"https:\/\/d2dl4wi9c2tbm3.cloudfront.net\/19\/2024\/08\/AFT_Module3_Spanish-01-1024x576.png\" class=\"attachment-large size-large wp-image-2187\" alt=\"\" \/>\t\t\t\t\t\t\t\t\t\t\t\t\t<\/div>\n\t\t\t\t<\/div>\n\t\t\t\t\t<\/div>\n\t\t<\/div>\n\t\t\t\t<div class=\"elementor-column elementor-col-20 elementor-top-column elementor-element elementor-element-420111b0\" data-id=\"420111b0\" data-element_type=\"column\">\n\t\t\t<div class=\"elementor-widget-wrap elementor-element-populated\">\n\t\t\t\t\t\t<div class=\"elementor-element elementor-element-6a5a7edc elementor-widget elementor-widget-image\" data-id=\"6a5a7edc\" data-element_type=\"widget\" data-widget_type=\"image.default\">\n\t\t\t\t<div class=\"elementor-widget-container\">\n\t\t\t\t\t\t\t\t\t\t\t\t\t<img srcset='https:\/\/d2dl4wi9c2tbm3.cloudfront.net\/19\/2024\/08\/AFT_Module4_Spanish-01-300x169.png 300w, https:\/\/d2dl4wi9c2tbm3.cloudfront.net\/19\/2024\/08\/AFT_Module4_Spanish-01-768x432.png 768w, https:\/\/d2dl4wi9c2tbm3.cloudfront.net\/19\/2024\/08\/AFT_Module4_Spanish-01-1024x576.png 1024w' sizes='(max-width: 1024px) 100vw, 1024px' loading=\"lazy\" decoding=\"async\" width=\"1024\" height=\"576\" src=\"https:\/\/d2dl4wi9c2tbm3.cloudfront.net\/19\/2024\/08\/AFT_Module4_Spanish-01-1024x576.png\" class=\"attachment-large size-large wp-image-2190\" alt=\"\" \/>\t\t\t\t\t\t\t\t\t\t\t\t\t<\/div>\n\t\t\t\t<\/div>\n\t\t\t\t\t<\/div>\n\t\t<\/div>\n\t\t\t\t<div class=\"elementor-column elementor-col-20 elementor-top-column elementor-element elementor-element-27542685\" data-id=\"27542685\" data-element_type=\"column\">\n\t\t\t<div class=\"elementor-widget-wrap elementor-element-populated\">\n\t\t\t\t\t\t<div class=\"elementor-element elementor-element-5fc910e8 elementor-widget elementor-widget-image\" data-id=\"5fc910e8\" data-element_type=\"widget\" data-widget_type=\"image.default\">\n\t\t\t\t<div class=\"elementor-widget-container\">\n\t\t\t\t\t\t\t\t\t\t\t\t\t<img srcset='https:\/\/d2dl4wi9c2tbm3.cloudfront.net\/19\/2024\/08\/AFT_Module5_SPANISH-01-300x169.png 300w, https:\/\/d2dl4wi9c2tbm3.cloudfront.net\/19\/2024\/08\/AFT_Module5_SPANISH-01-768x432.png 768w, https:\/\/d2dl4wi9c2tbm3.cloudfront.net\/19\/2024\/08\/AFT_Module5_SPANISH-01-1024x576.png 1024w' sizes='(max-width: 1024px) 100vw, 1024px' loading=\"lazy\" decoding=\"async\" width=\"1024\" height=\"576\" src=\"https:\/\/d2dl4wi9c2tbm3.cloudfront.net\/19\/2024\/08\/AFT_Module5_SPANISH-01-1024x576.png\" class=\"attachment-large size-large wp-image-2193\" alt=\"\" \/>\t\t\t\t\t\t\t\t\t\t\t\t\t<\/div>\n\t\t\t\t<\/div>\n\t\t\t\t\t<\/div>\n\t\t<\/div>\n\t\t\t\t\t<\/div>\n\t\t<\/section>\n\t\t\t\t<section class=\"elementor-section elementor-top-section elementor-element elementor-element-4ea6584 elementor-section-boxed elementor-section-height-default elementor-section-height-default\" data-id=\"4ea6584\" data-element_type=\"section\">\n\t\t\t\t\t\t<div class=\"elementor-container elementor-column-gap-default\">\n\t\t\t\t\t<div class=\"elementor-column elementor-col-100 elementor-top-column elementor-element elementor-element-1d662bb\" data-id=\"1d662bb\" data-element_type=\"column\">\n\t\t\t<div class=\"elementor-widget-wrap elementor-element-populated\">\n\t\t\t\t\t\t<div class=\"elementor-element elementor-element-772f8934 elementor-widget elementor-widget-text-editor\" data-id=\"772f8934\" data-element_type=\"widget\" data-widget_type=\"text-editor.default\">\n\t\t\t\t<div class=\"elementor-widget-container\">\n\t\t\t\t\t\t\t<p><span style=\"font-weight: 400\">\u00a0Cada m\u00f3dulo est\u00e1 programado para completarse en una semana y requiere aproximadamente de entre 6 y 8 horas de estudio. El curso es interactivo e incluye videoconferencias, lecturas relevantes, estudios de caso, debates, seminarios web y evaluaciones continuas. Los participantes del curso no solo obtendr\u00e1n conocimientos te\u00f3ricos sobre c\u00f3mo mejorar la transparencia presupuestaria, sino que tambi\u00e9n la ver\u00e1n en acci\u00f3n, adquiriendo conocimientos pr\u00e1cticos de la vasta experiencia de expertos y profesionales a nivel mundial.<\/span><\/p><p><span style=\"font-weight: 400\">En la primera mitad del curso, los participantes aprender\u00e1n sobre los conceptos b\u00e1sicos de la transparencia presupuestaria, incluidos\u00a0: qu\u00e9 es, qui\u00e9nes son los actores clave y qu\u00e9 se espera de cada uno de ellos, as\u00ed como qu\u00e9 significa alcanzar niveles suficientes de transparencia presupuestaria. En la segunda mitad del curso, los participantes obtendr\u00e1n conocimientos sobre las herramientas m\u00e1s nuevas que facilitan la transparencia presupuestaria en la era digital. Tambi\u00e9n aprender\u00e1n sobre los factores no t\u00e9cnicos que tienen una gran influencia en el \u00e9xito potencial de las iniciativas de transparencia presupuestaria. El curso culmina con los participantes aprendiendo sobre las acciones que se pueden tomar para superar estos obst\u00e1culos com\u00fanmente encontrados y aprovechar las oportunidades para mejorar la transparencia fiscal.<\/span><\/p>\t\t\t\t\t\t<\/div>\n\t\t\t\t<\/div>\n\t\t\t\t\t<\/div>\n\t\t<\/div>\n\t\t\t\t\t<\/div>\n\t\t<\/section>\n\t\t\t\t<\/div>\n\t\t","protected":false},"excerpt":{"rendered":"<p>SOBRE EL CURSO La transparencia presupuestaria es fundamental para la rendici\u00f3n de cuentas del gobierno y garantizar el uso eficiente y equitativo de los recursos p\u00fablicos. Sin embargo, en todo el mundo, la transparencia presupuestaria ha mejorado a un ritmo . . .<\/p>\n","protected":false},"author":4462,"featured_media":0,"parent":0,"menu_order":0,"comment_status":"closed","ping_status":"closed","template":"","meta":{"_acf_changed":false,"footnotes":""},"class_list":["post-2178","page","type-page","status-publish","hentry"],"acf":[],"_links":{"self":[{"href":"https:\/\/aftx.learning.fiscaltransparency.net\/es\/wp-json\/wp\/v2\/pages\/2178"}],"collection":[{"href":"https:\/\/aftx.learning.fiscaltransparency.net\/es\/wp-json\/wp\/v2\/pages"}],"about":[{"href":"https:\/\/aftx.learning.fiscaltransparency.net\/es\/wp-json\/wp\/v2\/types\/page"}],"author":[{"embeddable":true,"href":"https:\/\/aftx.learning.fiscaltransparency.net\/es\/wp-json\/wp\/v2\/users\/4462"}],"replies":[{"embeddable":true,"href":"https:\/\/aftx.learning.fiscaltransparency.net\/es\/wp-json\/wp\/v2\/comments?post=2178"}],"version-history":[{"count":5,"href":"https:\/\/aftx.learning.fiscaltransparency.net\/es\/wp-json\/wp\/v2\/pages\/2178\/revisions"}],"predecessor-version":[{"id":2257,"href":"https:\/\/aftx.learning.fiscaltransparency.net\/es\/wp-json\/wp\/v2\/pages\/2178\/revisions\/2257"}],"wp:attachment":[{"href":"https:\/\/aftx.learning.fiscaltransparency.net\/es\/wp-json\/wp\/v2\/media?parent=2178"}],"curies":[{"name":"wp","href":"https:\/\/api.w.org\/{rel}","templated":true}]}}