{"id":2202,"date":"2024-08-11T07:31:42","date_gmt":"2024-08-11T07:31:42","guid":{"rendered":"https:\/\/aftx.learning.fiscaltransparency.net\/?page_id=2202"},"modified":"2024-08-12T10:07:54","modified_gmt":"2024-08-12T10:07:54","slug":"cronograma-del-curso","status":"publish","type":"page","link":"https:\/\/aftx.learning.fiscaltransparency.net\/es\/cronograma-del-curso\/","title":{"rendered":"Cronograma del curso"},"content":{"rendered":"\t\t<div data-elementor-type=\"wp-page\" data-elementor-id=\"2202\" class=\"elementor elementor-2202\" data-elementor-post-type=\"page\">\n\t\t\t\t\t\t<section class=\"elementor-section elementor-top-section elementor-element elementor-element-4c7cd154 elementor-section-boxed elementor-section-height-default elementor-section-height-default\" data-id=\"4c7cd154\" data-element_type=\"section\">\n\t\t\t\t\t\t<div class=\"elementor-container elementor-column-gap-default\">\n\t\t\t\t\t<div class=\"elementor-column elementor-col-100 elementor-top-column elementor-element elementor-element-77ff9ca0\" data-id=\"77ff9ca0\" data-element_type=\"column\">\n\t\t\t<div class=\"elementor-widget-wrap elementor-element-populated\">\n\t\t\t\t\t\t<div class=\"elementor-element elementor-element-2a4faa43 elementor--h-position-center elementor--v-position-middle elementor-arrows-position-inside elementor-pagination-position-inside elementor-widget elementor-widget-slides\" data-id=\"2a4faa43\" data-element_type=\"widget\" data-settings=\"{&quot;navigation&quot;:&quot;both&quot;,&quot;autoplay&quot;:&quot;yes&quot;,&quot;pause_on_hover&quot;:&quot;yes&quot;,&quot;pause_on_interaction&quot;:&quot;yes&quot;,&quot;autoplay_speed&quot;:5000,&quot;infinite&quot;:&quot;yes&quot;,&quot;transition&quot;:&quot;slide&quot;,&quot;transition_speed&quot;:500}\" data-widget_type=\"slides.default\">\n\t\t\t\t<div class=\"elementor-widget-container\">\n\t\t\t\t\t<div class=\"elementor-swiper\">\n\t\t\t<div class=\"elementor-slides-wrapper elementor-main-swiper swiper\" dir=\"ltr\" data-animation=\"fadeInUp\">\n\t\t\t\t<div class=\"swiper-wrapper elementor-slides\">\n\t\t\t\t\t\t\t\t\t\t<div class=\"elementor-repeater-item-800fc02 swiper-slide\"><div class=\"swiper-slide-bg\" role=\"img\"><\/div><div class=\"swiper-slide-inner\" ><div class=\"swiper-slide-contents\"><\/div><\/div><\/div>\t\t\t\t<\/div>\n\t\t\t\t\t\t\t<\/div>\n\t\t<\/div>\n\t\t\t\t<\/div>\n\t\t\t\t<\/div>\n\t\t\t\t\t<\/div>\n\t\t<\/div>\n\t\t\t\t\t<\/div>\n\t\t<\/section>\n\t\t\t\t<section class=\"elementor-section elementor-top-section elementor-element elementor-element-77cc9192 elementor-section-boxed elementor-section-height-default elementor-section-height-default\" data-id=\"77cc9192\" data-element_type=\"section\">\n\t\t\t\t\t\t<div class=\"elementor-container elementor-column-gap-default\">\n\t\t\t\t\t<div class=\"elementor-column elementor-col-100 elementor-top-column elementor-element elementor-element-3ed07687\" data-id=\"3ed07687\" data-element_type=\"column\">\n\t\t\t<div class=\"elementor-widget-wrap elementor-element-populated\">\n\t\t\t\t\t\t<div class=\"elementor-element elementor-element-7a2f7fa2 elementor-widget elementor-widget-heading\" data-id=\"7a2f7fa2\" data-element_type=\"widget\" data-widget_type=\"heading.default\">\n\t\t\t\t<div class=\"elementor-widget-container\">\n\t\t\t<h2 class=\"elementor-heading-title elementor-size-default\">CRONOGRAMA DEL CURSO<\/h2>\t\t<\/div>\n\t\t\t\t<\/div>\n\t\t\t\t\t<\/div>\n\t\t<\/div>\n\t\t\t\t\t<\/div>\n\t\t<\/section>\n\t\t\t\t<section class=\"elementor-section elementor-top-section elementor-element elementor-element-46aaa58f elementor-section-boxed elementor-section-height-default elementor-section-height-default\" data-id=\"46aaa58f\" data-element_type=\"section\">\n\t\t\t\t\t\t<div class=\"elementor-container elementor-column-gap-default\">\n\t\t\t\t\t<div class=\"elementor-column elementor-col-100 elementor-top-column elementor-element elementor-element-6a3d9853\" data-id=\"6a3d9853\" data-element_type=\"column\">\n\t\t\t<div class=\"elementor-widget-wrap elementor-element-populated\">\n\t\t\t\t\t\t<div class=\"elementor-element elementor-element-35d96427 elementor-widget elementor-widget-text-editor\" data-id=\"35d96427\" data-element_type=\"widget\" data-widget_type=\"text-editor.default\">\n\t\t\t\t<div class=\"elementor-widget-container\">\n\t\t\t\t\t\t\t<p><span style=\"color: #18988b\"><strong>Semana 1:<\/strong><\/span><\/p><ul><li><p>I<span style=\"font-weight: 400\">ntroducci\u00f3n al curso<\/span><\/p><\/li><li><p><span style=\"font-weight: 400\">Una gu\u00eda de c\u00f3mo navegar el curso<\/span><\/p><\/li><li><span style=\"font-weight: 400\">Evaluaci\u00f3n previa al curso (primera unidad en el M\u00f3dulo 1)<\/span><\/li><\/ul><p><span style=\"color: #18988b\"><strong>Semana 2\u00a0<\/strong><\/span><\/p><ul><li><span style=\"font-weight: 400\">M\u00f3dulo 1: Introducci\u00f3n a la transparencia presupuestaria<\/span><\/li><\/ul><p><strong><span style=\"color: #18988b\">Semana 3\u00a0<\/span><\/strong><\/p><ul><li><span style=\"font-weight: 400\">M\u00f3dulo 2: Actores externos en la transparencia presupuestaria, la participaci\u00f3n p\u00fablica y la rendici\u00f3n de cuentas<\/span><\/li><\/ul><p><strong><span style=\"color: #18988b\">Semana 4\u00a0<\/span><\/strong><\/p><ul><li><span style=\"font-weight: 400\">M\u00f3dulo 3: Divulgaci\u00f3n de informaci\u00f3n y est\u00e1ndares de transparencia presupuestaria<\/span><\/li><\/ul><p><span style=\"color: #18988b\"><strong>Semana 5\u00a0<\/strong><\/span><\/p><ul><li><span style=\"font-weight: 400\">M\u00f3dulo 4: Sistemas internos y herramientas digitales que mejoran la implementaci\u00f3n<\/span><\/li><\/ul><p><strong><span style=\"color: #18988b\">Semana 6<\/span><\/strong><\/p><ul><li><span style=\"font-weight: 400\">M\u00f3dulo 5: Acciones para avanzar la transparencia presupuestaria (reformas y otras medidas)<\/span><\/li><\/ul>\t\t\t\t\t\t<\/div>\n\t\t\t\t<\/div>\n\t\t\t\t\t<\/div>\n\t\t<\/div>\n\t\t\t\t\t<\/div>\n\t\t<\/section>\n\t\t\t\t<\/div>\n\t\t","protected":false},"excerpt":{"rendered":"<p>CRONOGRAMA DEL CURSO Semana 1: Introducci\u00f3n al curso Una gu\u00eda de c\u00f3mo navegar el curso Evaluaci\u00f3n previa al curso (primera unidad en el M\u00f3dulo 1) Semana 2\u00a0 M\u00f3dulo 1: Introducci\u00f3n a la transparencia presupuestaria Semana 3\u00a0 M\u00f3dulo 2: Actores externos . . .<\/p>\n","protected":false},"author":4462,"featured_media":0,"parent":0,"menu_order":0,"comment_status":"closed","ping_status":"closed","template":"","meta":{"_acf_changed":false,"footnotes":""},"class_list":["post-2202","page","type-page","status-publish","hentry"],"acf":[],"_links":{"self":[{"href":"https:\/\/aftx.learning.fiscaltransparency.net\/es\/wp-json\/wp\/v2\/pages\/2202"}],"collection":[{"href":"https:\/\/aftx.learning.fiscaltransparency.net\/es\/wp-json\/wp\/v2\/pages"}],"about":[{"href":"https:\/\/aftx.learning.fiscaltransparency.net\/es\/wp-json\/wp\/v2\/types\/page"}],"author":[{"embeddable":true,"href":"https:\/\/aftx.learning.fiscaltransparency.net\/es\/wp-json\/wp\/v2\/users\/4462"}],"replies":[{"embeddable":true,"href":"https:\/\/aftx.learning.fiscaltransparency.net\/es\/wp-json\/wp\/v2\/comments?post=2202"}],"version-history":[{"count":5,"href":"https:\/\/aftx.learning.fiscaltransparency.net\/es\/wp-json\/wp\/v2\/pages\/2202\/revisions"}],"predecessor-version":[{"id":2253,"href":"https:\/\/aftx.learning.fiscaltransparency.net\/es\/wp-json\/wp\/v2\/pages\/2202\/revisions\/2253"}],"wp:attachment":[{"href":"https:\/\/aftx.learning.fiscaltransparency.net\/es\/wp-json\/wp\/v2\/media?parent=2202"}],"curies":[{"name":"wp","href":"https:\/\/api.w.org\/{rel}","templated":true}]}}