{"id":2211,"date":"2024-08-11T07:42:08","date_gmt":"2024-08-11T07:42:08","guid":{"rendered":"https:\/\/aftx.learning.fiscaltransparency.net\/?page_id=2211"},"modified":"2024-08-13T16:56:12","modified_gmt":"2024-08-13T16:56:12","slug":"faqs","status":"publish","type":"page","link":"https:\/\/aftx.learning.fiscaltransparency.net\/es\/faqs\/","title":{"rendered":"Preguntas frecuentes"},"content":{"rendered":"\t\t<div data-elementor-type=\"wp-page\" data-elementor-id=\"2211\" class=\"elementor elementor-2211\" data-elementor-post-type=\"page\">\n\t\t\t\t\t\t<section class=\"elementor-section elementor-top-section elementor-element elementor-element-2fa5a76c elementor-section-boxed elementor-section-height-default elementor-section-height-default\" data-id=\"2fa5a76c\" data-element_type=\"section\">\n\t\t\t\t\t\t<div class=\"elementor-container elementor-column-gap-default\">\n\t\t\t\t\t<div class=\"elementor-column elementor-col-100 elementor-top-column elementor-element elementor-element-624245e6\" data-id=\"624245e6\" data-element_type=\"column\">\n\t\t\t<div class=\"elementor-widget-wrap elementor-element-populated\">\n\t\t\t\t\t\t<div class=\"elementor-element elementor-element-54a401a1 elementor--h-position-center elementor--v-position-middle elementor-arrows-position-inside elementor-pagination-position-inside elementor-widget elementor-widget-slides\" data-id=\"54a401a1\" data-element_type=\"widget\" data-settings=\"{&quot;navigation&quot;:&quot;both&quot;,&quot;autoplay&quot;:&quot;yes&quot;,&quot;pause_on_hover&quot;:&quot;yes&quot;,&quot;pause_on_interaction&quot;:&quot;yes&quot;,&quot;autoplay_speed&quot;:5000,&quot;infinite&quot;:&quot;yes&quot;,&quot;transition&quot;:&quot;slide&quot;,&quot;transition_speed&quot;:500}\" data-widget_type=\"slides.default\">\n\t\t\t\t<div class=\"elementor-widget-container\">\n\t\t\t\t\t<div class=\"elementor-swiper\">\n\t\t\t<div class=\"elementor-slides-wrapper elementor-main-swiper swiper\" dir=\"ltr\" data-animation=\"fadeInUp\">\n\t\t\t\t<div class=\"swiper-wrapper elementor-slides\">\n\t\t\t\t\t\t\t\t\t\t<div class=\"elementor-repeater-item-0a03ad9 swiper-slide\"><div class=\"swiper-slide-bg\" role=\"img\"><\/div><div class=\"swiper-slide-inner\" ><div class=\"swiper-slide-contents\"><\/div><\/div><\/div>\t\t\t\t<\/div>\n\t\t\t\t\t\t\t<\/div>\n\t\t<\/div>\n\t\t\t\t<\/div>\n\t\t\t\t<\/div>\n\t\t\t\t\t<\/div>\n\t\t<\/div>\n\t\t\t\t\t<\/div>\n\t\t<\/section>\n\t\t\t\t<section class=\"elementor-section elementor-top-section elementor-element elementor-element-25a0dc7f elementor-section-boxed elementor-section-height-default elementor-section-height-default\" data-id=\"25a0dc7f\" data-element_type=\"section\">\n\t\t\t\t\t\t<div class=\"elementor-container elementor-column-gap-default\">\n\t\t\t\t\t<div class=\"elementor-column elementor-col-100 elementor-top-column elementor-element elementor-element-12d1f141\" data-id=\"12d1f141\" data-element_type=\"column\">\n\t\t\t<div class=\"elementor-widget-wrap elementor-element-populated\">\n\t\t\t\t\t\t<div class=\"elementor-element elementor-element-605a019c elementor-widget elementor-widget-heading\" data-id=\"605a019c\" data-element_type=\"widget\" data-widget_type=\"heading.default\">\n\t\t\t\t<div class=\"elementor-widget-container\">\n\t\t\t<h2 class=\"elementor-heading-title elementor-size-default\">Preguntas frecuentes<\/h2>\t\t<\/div>\n\t\t\t\t<\/div>\n\t\t\t\t\t<\/div>\n\t\t<\/div>\n\t\t\t\t\t<\/div>\n\t\t<\/section>\n\t\t\t\t<section class=\"elementor-section elementor-top-section elementor-element elementor-element-25f27dac elementor-section-boxed elementor-section-height-default elementor-section-height-default\" data-id=\"25f27dac\" data-element_type=\"section\">\n\t\t\t\t\t\t<div class=\"elementor-container elementor-column-gap-default\">\n\t\t\t\t\t<div class=\"elementor-column elementor-col-100 elementor-top-column elementor-element elementor-element-626fe28\" data-id=\"626fe28\" data-element_type=\"column\">\n\t\t\t<div class=\"elementor-widget-wrap elementor-element-populated\">\n\t\t\t\t\t\t<div class=\"elementor-element elementor-element-6e2cacb4 elementor-widget elementor-widget-accordion\" data-id=\"6e2cacb4\" data-element_type=\"widget\" data-widget_type=\"accordion.default\">\n\t\t\t\t<div class=\"elementor-widget-container\">\n\t\t\t\t\t<div class=\"elementor-accordion\">\n\t\t\t\t\t\t\t<div class=\"elementor-accordion-item\">\n\t\t\t\t\t<div id=\"elementor-tab-title-1841\" class=\"elementor-tab-title\" data-tab=\"1\" role=\"button\" aria-controls=\"elementor-tab-content-1841\" aria-expanded=\"false\">\n\t\t\t\t\t\t\t\t\t\t\t\t\t<span class=\"elementor-accordion-icon elementor-accordion-icon-left\" aria-hidden=\"true\">\n\t\t\t\t\t\t\t\t\t\t\t\t\t\t\t<span class=\"elementor-accordion-icon-closed\"><i class=\"fas fa-plus\"><\/i><\/span>\n\t\t\t\t\t\t\t\t<span class=\"elementor-accordion-icon-opened\"><i class=\"fas fa-minus\"><\/i><\/span>\n\t\t\t\t\t\t\t\t\t\t\t\t\t\t<\/span>\n\t\t\t\t\t\t\t\t\t\t\t\t<a class=\"elementor-accordion-title\" tabindex=\"0\">PREGUNTA #1: Tengo problemas para ver las im\u00e1genes y los videos correctamente. \u00bfQu\u00e9 debo hacer?<\/a>\n\t\t\t\t\t<\/div>\n\t\t\t\t\t<div id=\"elementor-tab-content-1841\" class=\"elementor-tab-content elementor-clearfix\" data-tab=\"1\" role=\"region\" aria-labelledby=\"elementor-tab-title-1841\"><p><span style=\"font-weight: 400\">Recomendamos que intentes lo siguiente:<\/span><\/p><p><span style=\"font-weight: 400\">Usa el navegador Google Chrome o Apple Safari. No utilices Microsoft Internet Explorer, ya que a menudo no muestra el contenido correctamente.<\/span><\/p><p><span style=\"font-weight: 400\">Deshabilita los complementos (plug\u2013ins).<\/span><\/p><p><span style=\"font-weight: 400\">Aseg\u00farate de que tienes JavaScript habilitado en la configuraci\u00f3n de su navegador.<\/span><\/p><p><span style=\"font-weight: 400\">Accede al curso desde una red sin restricciones. Si est\u00e1s intentando acceder al curso desde detr\u00e1s de un firewall, contacta a tu administrador o departamento de TI local para deshabilitar temporalmente el firewall local. Incluso puedes sugerir deshabilitar el firewall para la direcci\u00f3n IP \u00fanica de edX.<\/span><\/p><\/div>\n\t\t\t\t<\/div>\n\t\t\t\t\t\t\t<div class=\"elementor-accordion-item\">\n\t\t\t\t\t<div id=\"elementor-tab-title-1842\" class=\"elementor-tab-title\" data-tab=\"2\" role=\"button\" aria-controls=\"elementor-tab-content-1842\" aria-expanded=\"false\">\n\t\t\t\t\t\t\t\t\t\t\t\t\t<span class=\"elementor-accordion-icon elementor-accordion-icon-left\" aria-hidden=\"true\">\n\t\t\t\t\t\t\t\t\t\t\t\t\t\t\t<span class=\"elementor-accordion-icon-closed\"><i class=\"fas fa-plus\"><\/i><\/span>\n\t\t\t\t\t\t\t\t<span class=\"elementor-accordion-icon-opened\"><i class=\"fas fa-minus\"><\/i><\/span>\n\t\t\t\t\t\t\t\t\t\t\t\t\t\t<\/span>\n\t\t\t\t\t\t\t\t\t\t\t\t<a class=\"elementor-accordion-title\" tabindex=\"0\">PREGUNTA #2: \u00bfC\u00f3mo puedo ver los videos de las conferencias en calidad est\u00e1ndar o alta definici\u00f3n?<\/a>\n\t\t\t\t\t<\/div>\n\t\t\t\t\t<div id=\"elementor-tab-content-1842\" class=\"elementor-tab-content elementor-clearfix\" data-tab=\"2\" role=\"region\" aria-labelledby=\"elementor-tab-title-1842\"><p><span style=\"font-weight: 400\">Para alta definici\u00f3n (HD), haz clic en el bot\u00f3n &#8220;HD&#8221; en la barra de control de cada video. Una vez que se ponga rojo, ver\u00e1zs el video en HD. De lo contrario, por defecto los videos se reproducen en definici\u00f3n est\u00e1ndar.<\/span><\/p><\/div>\n\t\t\t\t<\/div>\n\t\t\t\t\t\t\t<div class=\"elementor-accordion-item\">\n\t\t\t\t\t<div id=\"elementor-tab-title-1843\" class=\"elementor-tab-title\" data-tab=\"3\" role=\"button\" aria-controls=\"elementor-tab-content-1843\" aria-expanded=\"false\">\n\t\t\t\t\t\t\t\t\t\t\t\t\t<span class=\"elementor-accordion-icon elementor-accordion-icon-left\" aria-hidden=\"true\">\n\t\t\t\t\t\t\t\t\t\t\t\t\t\t\t<span class=\"elementor-accordion-icon-closed\"><i class=\"fas fa-plus\"><\/i><\/span>\n\t\t\t\t\t\t\t\t<span class=\"elementor-accordion-icon-opened\"><i class=\"fas fa-minus\"><\/i><\/span>\n\t\t\t\t\t\t\t\t\t\t\t\t\t\t<\/span>\n\t\t\t\t\t\t\t\t\t\t\t\t<a class=\"elementor-accordion-title\" tabindex=\"0\">PREGUNTA #3: \u00bfPuedo acceder al curso en mi tel\u00e9fono o tableta? (Para confirmaci\u00f3n con Edly)<\/a>\n\t\t\t\t\t<\/div>\n\t\t\t\t\t<div id=\"elementor-tab-content-1843\" class=\"elementor-tab-content elementor-clearfix\" data-tab=\"3\" role=\"region\" aria-labelledby=\"elementor-tab-title-1843\"><p><span style=\"font-weight: 400\">S\u00ed, edX proporciona aplicaciones m\u00f3viles para dispositivos iOS y Android. Sin embargo, estas aplicaciones m\u00f3viles solo entregan contenido de video. Como tal, si dependes de una aplicaci\u00f3n m\u00f3vil, no recibir\u00e1s la experiencia de aprendizaje completa que este curso tiene como objetivo proporcionar.<\/span><\/p><\/div>\n\t\t\t\t<\/div>\n\t\t\t\t\t\t\t<div class=\"elementor-accordion-item\">\n\t\t\t\t\t<div id=\"elementor-tab-title-1844\" class=\"elementor-tab-title\" data-tab=\"4\" role=\"button\" aria-controls=\"elementor-tab-content-1844\" aria-expanded=\"false\">\n\t\t\t\t\t\t\t\t\t\t\t\t\t<span class=\"elementor-accordion-icon elementor-accordion-icon-left\" aria-hidden=\"true\">\n\t\t\t\t\t\t\t\t\t\t\t\t\t\t\t<span class=\"elementor-accordion-icon-closed\"><i class=\"fas fa-plus\"><\/i><\/span>\n\t\t\t\t\t\t\t\t<span class=\"elementor-accordion-icon-opened\"><i class=\"fas fa-minus\"><\/i><\/span>\n\t\t\t\t\t\t\t\t\t\t\t\t\t\t<\/span>\n\t\t\t\t\t\t\t\t\t\t\t\t<a class=\"elementor-accordion-title\" tabindex=\"0\">PREGUNTA #4: \u00bfC\u00f3mo puedo descargar las transcripciones de los videos?<\/a>\n\t\t\t\t\t<\/div>\n\t\t\t\t\t<div id=\"elementor-tab-content-1844\" class=\"elementor-tab-content elementor-clearfix\" data-tab=\"4\" role=\"region\" aria-labelledby=\"elementor-tab-title-1844\"><p><span style=\"font-weight: 400\">Para descargar una transcripci\u00f3n, selecciona una de las opciones de descarga. Archivo &#8220;.srt&#8221; o &#8220;.txt&#8221;.<\/span><\/p><p><span style=\"font-weight: 400\">Los archivos de transcripci\u00f3n SubRip (.srt) contienen marcas de tiempo que permiten que un reproductor multimedia sincronice la transcripci\u00f3n con el video. La mayor\u00eda de los reproductores multimedia admiten este tipo de archivo. Las transcripciones simples (.txt) contienen solo el texto de la transcripci\u00f3n, sin marcas de tiempo.<\/span><\/p><\/div>\n\t\t\t\t<\/div>\n\t\t\t\t\t\t\t<div class=\"elementor-accordion-item\">\n\t\t\t\t\t<div id=\"elementor-tab-title-1845\" class=\"elementor-tab-title\" data-tab=\"5\" role=\"button\" aria-controls=\"elementor-tab-content-1845\" aria-expanded=\"false\">\n\t\t\t\t\t\t\t\t\t\t\t\t\t<span class=\"elementor-accordion-icon elementor-accordion-icon-left\" aria-hidden=\"true\">\n\t\t\t\t\t\t\t\t\t\t\t\t\t\t\t<span class=\"elementor-accordion-icon-closed\"><i class=\"fas fa-plus\"><\/i><\/span>\n\t\t\t\t\t\t\t\t<span class=\"elementor-accordion-icon-opened\"><i class=\"fas fa-minus\"><\/i><\/span>\n\t\t\t\t\t\t\t\t\t\t\t\t\t\t<\/span>\n\t\t\t\t\t\t\t\t\t\t\t\t<a class=\"elementor-accordion-title\" tabindex=\"0\">PREGUNTA #5: \u00bfC\u00f3mo puedo activar y desactivar las transcripciones y subt\u00edtulos de los videos?<\/a>\n\t\t\t\t\t<\/div>\n\t\t\t\t\t<div id=\"elementor-tab-content-1845\" class=\"elementor-tab-content elementor-clearfix\" data-tab=\"5\" role=\"region\" aria-labelledby=\"elementor-tab-title-1845\"><p><span style=\"font-weight: 400\">Las transcripciones se pueden activar o desactivar para cada video. Para hacer esto, solo haz clic en el bot\u00f3n <\/span><img decoding=\"async\" class=\"alignnone wp-image-1229\" src=\"https:\/\/d2dl4wi9c2tbm3.cloudfront.net\/19\/2021\/09\/transcript-icon_2.jpg\" alt=\"\" width=\"26\" height=\"26\" \/> <span style=\"font-weight: 400\">ubicado en la barra de control de cada video.<\/span><\/p><p><span style=\"font-weight: 400\">Los subt\u00edtulos tambi\u00e9n se pueden activar o desactivar para cada video. Para hacer esto, solo haz clic en el bot\u00f3n\u00a0<\/span><\/p><p><img decoding=\"async\" class=\"alignnone wp-image-1231\" src=\"https:\/\/d2dl4wi9c2tbm3.cloudfront.net\/19\/2021\/09\/CC-button-2.jpg\" alt=\"\" width=\"28\" height=\"28\" \/> <span style=\"font-weight: 400\">ubicado en la barra de control de cada video.<\/span><\/p><\/div>\n\t\t\t\t<\/div>\n\t\t\t\t\t\t\t\t<\/div>\n\t\t\t\t<\/div>\n\t\t\t\t<\/div>\n\t\t\t\t\t<\/div>\n\t\t<\/div>\n\t\t\t\t\t<\/div>\n\t\t<\/section>\n\t\t\t\t<section class=\"elementor-section elementor-top-section elementor-element elementor-element-15ef7a68 elementor-section-boxed elementor-section-height-default elementor-section-height-default\" data-id=\"15ef7a68\" data-element_type=\"section\">\n\t\t\t\t\t\t<div class=\"elementor-container elementor-column-gap-default\">\n\t\t\t\t\t<div class=\"elementor-column elementor-col-100 elementor-top-column elementor-element elementor-element-45228ec4\" data-id=\"45228ec4\" data-element_type=\"column\">\n\t\t\t<div class=\"elementor-widget-wrap\">\n\t\t\t\t\t\t\t<\/div>\n\t\t<\/div>\n\t\t\t\t\t<\/div>\n\t\t<\/section>\n\t\t\t\t<\/div>\n\t\t","protected":false},"excerpt":{"rendered":"<p>Preguntas frecuentes PREGUNTA #1: Tengo problemas para ver las im\u00e1genes y los videos correctamente. \u00bfQu\u00e9 debo hacer? Recomendamos que intentes lo siguiente: Usa el navegador Google Chrome o Apple Safari. No utilices Microsoft Internet Explorer, ya que a menudo no . . .<\/p>\n","protected":false},"author":4462,"featured_media":0,"parent":0,"menu_order":0,"comment_status":"closed","ping_status":"closed","template":"","meta":{"_acf_changed":false,"footnotes":""},"class_list":["post-2211","page","type-page","status-publish","hentry"],"acf":[],"_links":{"self":[{"href":"https:\/\/aftx.learning.fiscaltransparency.net\/es\/wp-json\/wp\/v2\/pages\/2211"}],"collection":[{"href":"https:\/\/aftx.learning.fiscaltransparency.net\/es\/wp-json\/wp\/v2\/pages"}],"about":[{"href":"https:\/\/aftx.learning.fiscaltransparency.net\/es\/wp-json\/wp\/v2\/types\/page"}],"author":[{"embeddable":true,"href":"https:\/\/aftx.learning.fiscaltransparency.net\/es\/wp-json\/wp\/v2\/users\/4462"}],"replies":[{"embeddable":true,"href":"https:\/\/aftx.learning.fiscaltransparency.net\/es\/wp-json\/wp\/v2\/comments?post=2211"}],"version-history":[{"count":9,"href":"https:\/\/aftx.learning.fiscaltransparency.net\/es\/wp-json\/wp\/v2\/pages\/2211\/revisions"}],"predecessor-version":[{"id":2364,"href":"https:\/\/aftx.learning.fiscaltransparency.net\/es\/wp-json\/wp\/v2\/pages\/2211\/revisions\/2364"}],"wp:attachment":[{"href":"https:\/\/aftx.learning.fiscaltransparency.net\/es\/wp-json\/wp\/v2\/media?parent=2211"}],"curies":[{"name":"wp","href":"https:\/\/api.w.org\/{rel}","templated":true}]}}