{"id":2229,"date":"2024-08-11T08:11:27","date_gmt":"2024-08-11T08:11:27","guid":{"rendered":"https:\/\/aftx.learning.fiscaltransparency.net\/?page_id=2229"},"modified":"2024-08-13T17:00:54","modified_gmt":"2024-08-13T17:00:54","slug":"course-team","status":"publish","type":"page","link":"https:\/\/aftx.learning.fiscaltransparency.net\/es\/course-team\/","title":{"rendered":"Course Team"},"content":{"rendered":"\t\t<div data-elementor-type=\"wp-page\" data-elementor-id=\"2229\" class=\"elementor elementor-2229\" data-elementor-post-type=\"page\">\n\t\t\t\t\t\t<section class=\"elementor-section elementor-top-section elementor-element elementor-element-78baabb3 elementor-section-boxed elementor-section-height-default elementor-section-height-default\" data-id=\"78baabb3\" data-element_type=\"section\">\n\t\t\t\t\t\t<div class=\"elementor-container elementor-column-gap-default\">\n\t\t\t\t\t<div class=\"elementor-column elementor-col-100 elementor-top-column elementor-element elementor-element-21df9a9a\" data-id=\"21df9a9a\" data-element_type=\"column\">\n\t\t\t<div class=\"elementor-widget-wrap elementor-element-populated\">\n\t\t\t\t\t\t<div class=\"elementor-element elementor-element-56531a98 elementor--h-position-center elementor--v-position-middle elementor-arrows-position-inside elementor-pagination-position-inside elementor-widget elementor-widget-slides\" data-id=\"56531a98\" data-element_type=\"widget\" data-settings=\"{&quot;navigation&quot;:&quot;both&quot;,&quot;autoplay&quot;:&quot;yes&quot;,&quot;pause_on_hover&quot;:&quot;yes&quot;,&quot;pause_on_interaction&quot;:&quot;yes&quot;,&quot;autoplay_speed&quot;:5000,&quot;infinite&quot;:&quot;yes&quot;,&quot;transition&quot;:&quot;slide&quot;,&quot;transition_speed&quot;:500}\" data-widget_type=\"slides.default\">\n\t\t\t\t<div class=\"elementor-widget-container\">\n\t\t\t\t\t<div class=\"elementor-swiper\">\n\t\t\t<div class=\"elementor-slides-wrapper elementor-main-swiper swiper\" dir=\"ltr\" data-animation=\"fadeInUp\">\n\t\t\t\t<div class=\"swiper-wrapper elementor-slides\">\n\t\t\t\t\t\t\t\t\t\t<div class=\"elementor-repeater-item-61909df swiper-slide\"><div class=\"swiper-slide-bg\" role=\"img\"><\/div><div class=\"swiper-slide-inner\" ><div class=\"swiper-slide-contents\"><\/div><\/div><\/div>\t\t\t\t<\/div>\n\t\t\t\t\t\t\t<\/div>\n\t\t<\/div>\n\t\t\t\t<\/div>\n\t\t\t\t<\/div>\n\t\t\t\t\t<\/div>\n\t\t<\/div>\n\t\t\t\t\t<\/div>\n\t\t<\/section>\n\t\t\t\t<section class=\"elementor-section elementor-top-section elementor-element elementor-element-2fd577db elementor-section-boxed elementor-section-height-default elementor-section-height-default\" data-id=\"2fd577db\" data-element_type=\"section\">\n\t\t\t\t\t\t<div class=\"elementor-container elementor-column-gap-default\">\n\t\t\t\t\t<div class=\"elementor-column elementor-col-100 elementor-top-column elementor-element elementor-element-5b7e682a\" data-id=\"5b7e682a\" data-element_type=\"column\">\n\t\t\t<div class=\"elementor-widget-wrap elementor-element-populated\">\n\t\t\t\t\t\t<div class=\"elementor-element elementor-element-3a785b3d elementor-widget elementor-widget-heading\" data-id=\"3a785b3d\" data-element_type=\"widget\" data-widget_type=\"heading.default\">\n\t\t\t\t<div class=\"elementor-widget-container\">\n\t\t\t<h2 class=\"elementor-heading-title elementor-size-default\">El equipo del curso virtual<\/h2>\t\t<\/div>\n\t\t\t\t<\/div>\n\t\t\t\t<div class=\"elementor-element elementor-element-1a8a4d61 elementor-widget elementor-widget-heading\" data-id=\"1a8a4d61\" data-element_type=\"widget\" data-widget_type=\"heading.default\">\n\t\t\t\t<div class=\"elementor-widget-container\">\n\t\t\t<h2 class=\"elementor-heading-title elementor-size-medium\">Lista de Colaboradores<\/h2>\t\t<\/div>\n\t\t\t\t<\/div>\n\t\t\t\t<div class=\"elementor-element elementor-element-aec0825 elementor-widget elementor-widget-heading\" data-id=\"aec0825\" data-element_type=\"widget\" data-widget_type=\"heading.default\">\n\t\t\t\t<div class=\"elementor-widget-container\">\n\t\t\t<h2 class=\"elementor-heading-title elementor-size-medium\"><a href=\"https:\/\/aftx.learning.fiscaltransparency.net\/instructors\/\"><h2 data-elementor-setting-key=\"title\" data-pen-placeholder=\"Type Here...\"><span style=\"font-family: Roboto, sans-serif;font-size: 19px\">Instructores<\/span><span style=\"font-family: Roboto, sans-serif;font-size: 19px\"><\/span><br><\/h2><\/a><\/h2>\t\t<\/div>\n\t\t\t\t<\/div>\n\t\t\t\t<div class=\"elementor-element elementor-element-262c3d83 elementor-widget elementor-widget-text-editor\" data-id=\"262c3d83\" data-element_type=\"widget\" data-widget_type=\"text-editor.default\">\n\t\t\t\t<div class=\"elementor-widget-container\">\n\t\t\t\t\t\t\t<p><b>Iniciativa Global para la Transparencia Fiscal<\/b><\/p><ul><li><span style=\"font-weight: 400\">Juan Pablo Guerrero, <\/span><span style=\"font-weight: 400\">Director de la Red<\/span><\/li><li><span style=\"font-weight: 400\">Raquel Ferreira<\/span><span style=\"font-weight: 400\">, Asesora T\u00e9cnica Senior<\/span><\/li><li><span style=\"font-weight: 400\">Aura Martinez Oriol<\/span><span style=\"font-weight: 400\">, Coordinadora de Informaci\u00f3n, Asistencia T\u00e9cnica y Colaboraci\u00f3n<\/span><\/li><li><span style=\"font-weight: 400\">Marianne Fabian<\/span><span style=\"font-weight: 400\">, Coordinadora de Comunicaciones y Difusi\u00f3n<\/span><\/li><\/ul><p><b>International Budget Partnership<\/b><\/p><ul><li><span style=\"font-weight: 400\">Carol Kiangura<\/span><span style=\"font-weight: 400\"><span style=\"font-weight: 400\">, Oficial Senior de Programa para el \u00c1frica Subsahariana<\/span><\/span><\/li><\/ul><p><strong>Iniciativa de C\u00e1tedras de Investigaci\u00f3n de Sud\u00e1frica (SARChI): Diplomacia y Pol\u00edtica Exterior Africana, Universidad de Johannesburgo<\/strong><\/p><ul><li><span style=\"font-weight: 400\">Ralph Mathekga<\/span><span style=\"font-weight: 400\">, Investigador Postdoctoral<\/span><\/li><\/ul><p><span style=\"text-decoration: underline\"><b>AFTx Franc\u00e9s<\/b><\/span><\/p><p><b>Iniciativa Global para la Transparencia Fiscal<\/b><\/p><ul><li style=\"font-weight: 400\"><span style=\"font-weight: 400\">Antonia Chettab<\/span><\/li><li style=\"font-weight: 400\"><span style=\"font-weight: 400\">Mickael Charlet<\/span><\/li><li style=\"font-weight: 400\"><span style=\"font-weight: 400\">Myriam Benlmouaz<\/span><\/li><\/ul><p><b>Ministerio de Econom\u00eda y Finanzad, Ben\u00edn<\/b><\/p><ul><li style=\"font-weight: 400\"><span style=\"font-weight: 400\">Rodrigue Chaou, Director General\u00a0 de Presupuesto<\/span><\/li><li style=\"font-weight: 400\"><span style=\"font-weight: 400\">Pierrot S\u00e9go, Director, Unidad de Presupuesto, Preparaci\u00f3n y Evaluaci\u00f3n<\/span><\/li><li style=\"font-weight: 400\"><span style=\"font-weight: 400\">Mireille Codjovi, Jefe, Unidad de Transparencia Presupuestaria y Comunicaci\u00f3n\u00a0<\/span><\/li><\/ul><p><span style=\"text-decoration: underline\"><b>AFTx Espa\u00f1ol<\/b><\/span><\/p><p><b>Iniciativa Global para la Transparencia Fiscal<\/b><\/p><ul><li style=\"font-weight: 400\"><span style=\"font-weight: 400\">Juan Pablo Guerrero<\/span><span style=\"font-weight: 400\">, Ex Director de la Red<\/span><\/li><li style=\"font-weight: 400\"><span style=\"font-weight: 400\">Aura Martinez Oriol<\/span><span style=\"font-weight: 400\">, Coordinadora de Informaci\u00f3n, Asistencia T\u00e9cnica y Colaboraci\u00f3n<\/span><\/li><\/ul><p><strong>GIFT Instructores de espa\u00f1ol<\/strong><\/p><ul><li style=\"font-weight: 400\"><span style=\"font-weight: 400\">Iryna Fedchenko<\/span><\/li><li style=\"font-weight: 400\"><span style=\"font-weight: 400\">Tarick Gracida\u00a0<\/span><\/li><li style=\"font-weight: 400\"><span style=\"font-weight: 400\">Carolina Rodr\u00edguez<\/span><\/li><li style=\"font-weight: 400\"><span style=\"font-weight: 400\">Dar\u00edo (presentador de IA)<\/span><\/li><li style=\"font-weight: 400\"><span style=\"font-weight: 400\">Mar\u00eda (presentadora de IA)<\/span><\/li><\/ul><p><b>Ministerio de Econom\u00eda, Argentina<\/b><\/p><ul><li style=\"font-weight: 400\"><span style=\"font-weight: 400\">Gustavo Merino\u00a0<\/span><\/li><\/ul><p><b>Oficina de Planeamiento y Presupuesto, Uruguay<\/b><b><\/b><\/p><ul><li style=\"font-weight: 400\"><span style=\"font-weight: 400\">Paula Manera\u00a0\u00a0<\/span><\/li><\/ul>\t\t\t\t\t\t<\/div>\n\t\t\t\t<\/div>\n\t\t\t\t<div class=\"elementor-element elementor-element-666bf195 elementor-widget elementor-widget-spacer\" data-id=\"666bf195\" data-element_type=\"widget\" data-widget_type=\"spacer.default\">\n\t\t\t\t<div class=\"elementor-widget-container\">\n\t\t\t\t\t<div class=\"elementor-spacer\">\n\t\t\t<div class=\"elementor-spacer-inner\"><\/div>\n\t\t<\/div>\n\t\t\t\t<\/div>\n\t\t\t\t<\/div>\n\t\t\t\t<div class=\"elementor-element elementor-element-6d7b2385 elementor-widget elementor-widget-heading\" data-id=\"6d7b2385\" data-element_type=\"widget\" data-widget_type=\"heading.default\">\n\t\t\t\t<div class=\"elementor-widget-container\">\n\t\t\t<h2 class=\"elementor-heading-title elementor-size-medium\">Equipo t\u00e9cnico y de dise\u00f1o<\/h2>\t\t<\/div>\n\t\t\t\t<\/div>\n\t\t\t\t<div class=\"elementor-element elementor-element-736b2670 elementor-widget elementor-widget-text-editor\" data-id=\"736b2670\" data-element_type=\"widget\" data-widget_type=\"text-editor.default\">\n\t\t\t\t<div class=\"elementor-widget-container\">\n\t\t\t\t\t\t\t<p><span style=\"font-weight: 400\">El equipo t\u00e9cnico fue dirigido por la Gerente de la Red GIFT, Raquel Ferreira, junto con el ex Director de la Red GIFT, Juan Pablo Guerrero.<\/span><\/p><p><span style=\"font-weight: 400\">El contenido del curso fue desarrollado por Raquel Ferreira, revisado por el Dr. Jason Lakin, con dise\u00f1o instruccional proporcionado por el Dr. Jason Torres. En estrecha colaboraci\u00f3n con el equipo t\u00e9cnico, la producci\u00f3n creativa fue gestionada por Marianne Fabian, apoyada principalmente por Omar Gabito e Iv\u00e1n de la Luz como editores de video, y Maureen Duguran, como la artista gr\u00e1fica.<\/span><\/p><p><span style=\"font-weight: 400\">Albertina Meana, Coordinadora de Programa, y Leticia Flores, Asistente de Programa, brindaron apoyo administrativo general al equipo de dise\u00f1o y t\u00e9cnico. Juan Andr\u00e9s Roeschmann, Asesor T\u00e9cnico Senior, coordin\u00f3 la versi\u00f3n en espa\u00f1ol del curso.<\/span><\/p>\t\t\t\t\t\t<\/div>\n\t\t\t\t<\/div>\n\t\t\t\t<div class=\"elementor-element elementor-element-38af8a4e elementor-widget elementor-widget-heading\" data-id=\"38af8a4e\" data-element_type=\"widget\" data-widget_type=\"heading.default\">\n\t\t\t\t<div class=\"elementor-widget-container\">\n\t\t\t<h2 class=\"elementor-heading-title elementor-size-medium\">Otros colaboradores<\/h2>\t\t<\/div>\n\t\t\t\t<\/div>\n\t\t\t\t<div class=\"elementor-element elementor-element-25a2cb8e elementor-widget elementor-widget-text-editor\" data-id=\"25a2cb8e\" data-element_type=\"widget\" data-widget_type=\"text-editor.default\">\n\t\t\t\t<div class=\"elementor-widget-container\">\n\t\t\t\t\t\t\t<ul><li><span style=\"font-weight: 400\">Florencio \u201cButch\u201d Abad, Exsecretario del Departamento de Presupuesto y Gesti\u00f3n de Filipinas (2010-16)<\/span><\/li><li><span style=\"font-weight: 400\">Cigdem Aslan, Jefa de la Divisi\u00f3n II de Gesti\u00f3n Financiera P\u00fablica, Departamento de Asuntos Fiscales, Fondo Monetario Internacional<\/span><\/li><li><span style=\"font-weight: 400\">Daniel Avelino, Especialista en Pol\u00edticas P\u00fablicas y Gesti\u00f3n Gubernamental, Instituto de Investigaci\u00f3n Econ\u00f3mica Aplicada, Gobierno Federal de Brasil<\/span>\u00a0<\/li><li><span style=\"font-weight: 400\">Ricardo Barrientos, Economista Senior, El Instituto Centroamericano de Estudios Fiscales (ICEFI), Guatemala (Exviceministro de Transparencia y Evaluaci\u00f3n Fiscal, Ministerio de Finanzas P\u00fablicas, Guatemala)<\/span><\/li><li><span style=\"font-weight: 400\">Andrew Blazey, Subjefe de Gesti\u00f3n P\u00fablica y Presupuesto, Organizaci\u00f3n para la Cooperaci\u00f3n y el Desarrollo Econ\u00f3micos<\/span><\/li><li><span style=\"font-weight: 400\">Selim Cakir, Representante Residente del Fondo Monetario Internacional en Georgia<\/span><\/li><li><span style=\"font-weight: 400\">Prudence Cele, Directora: Reforma Presupuestaria, Tesoro Nacional de Sud\u00e1frica<\/span><\/li><li><span style=\"font-weight: 400\">Rodrigue Chaou, Director General del Presupuesto, Ministerio de Econom\u00eda y Finanzas, Ben\u00edn<\/span><\/li><li><span style=\"font-weight: 400\">Nikoloz Gagua, Viceministro de Finanzas, Georgia<\/span><\/li><li><span style=\"font-weight: 400\">Fabien Gonguet, Economista, Departamento de Asuntos Fiscales, Fondo Monetario Internacional<\/span><\/li><li><span style=\"font-weight: 400\">Srinivas Gurazada, Jefe, Secretar\u00eda PEFA<\/span><\/li><li><span style=\"font-weight: 400\">Sri Mulyani Indrawati, Ministra de Finanzas, Rep\u00fablica de Indonesia<\/span><\/li><li><span style=\"font-weight: 400\">Jean-Jacques Kayembe, Coordinador Nacional, Iniciativa para la Transparencia de las Industrias Extractivas, Rep\u00fablica Democr\u00e1tica del Congo<\/span><\/li><li><span style=\"font-weight: 400\">Lyydia Kilpi, Directora, Disclosure Group, Secretar\u00eda Internacional de la Iniciativa para la Transparencia de las Industrias Extractivas<\/span><\/li><li><span style=\"font-weight: 400\">Zukiswa Kota, Jefa: Programa de Monitoreo y Defensa, Public Service Accountability Monitor<\/span><\/li><li><span style=\"font-weight: 400\">Ines Schj\u00f8lberg Marques, Directora de Pol\u00edticas, Secretar\u00eda Internacional de la Iniciativa para la Transparencia de las Industrias Extractivas<\/span><\/li><li><span style=\"font-weight: 400\">Martin Masinde, Subdirector Senior, Oficina de Presupuesto Parlamentario, Kenia<\/span><\/li><li><span style=\"font-weight: 400\">Mampho Modise, Directora General Adjunta: Finanzas P\u00fablicas, Tesoro Nacional de Sud\u00e1frica<\/span><\/li><li><span style=\"font-weight: 400\">Fariya Mohiuddin, Oficial Senior de Programas para el Programa de Equidad Fiscal, International Budget Partnership<\/span><\/li><li><span style=\"font-weight: 400\">Richard Murphy, Profesor Visitante de Contabilidad, Escuela de Administraci\u00f3n de la Universidad de Sheffield<\/span><\/li><li><span style=\"font-weight: 400\">Orji Ogbonnaya Orji, Secretario Ejecutivo, Iniciativa de Transparencia de las Industrias Extractivas de Nigeria<\/span><\/li><li><span style=\"font-weight: 400\">Samuel Omenka, Asesor de la Oficina de Presupuesto de Nigeria, Ministerio Federal de Finanzas, Presupuesto y Planificaci\u00f3n Nacional<\/span><\/li><li><span style=\"font-weight: 400\">Lorena Rivero del Paso, Asesora de la Divisi\u00f3n II de Gesti\u00f3n Financiera P\u00fablica, Departamento de Asuntos Fiscales, Fondo Monetario Internacional<\/span><\/li><li><span style=\"font-weight: 400\">Alioune Badara Paye, Secretario Permanente Adjunto, Iniciativa para la Transparencia de las Industrias Extractivas, Senegal<\/span><\/li><li><span style=\"font-weight: 400\">Leila Pilliard, Oficial de Comunicaciones, Secretar\u00eda Internacional de la Iniciativa para la Transparencia de las Industrias Extractivas<\/span><\/li><li><span style=\"font-weight: 400\">Mukwende Placide, Coordinador de IFMIS, Ministerio de Finanzas y Planificaci\u00f3n Econ\u00f3mica, Gobierno de Ruanda<\/span><\/li><li><span style=\"font-weight: 400\">Miguel Pulido, Exdirector Ejecutivo: Centro de An\u00e1lisis e Investigaci\u00f3n Fundar, M\u00e9xico<\/span><\/li><li><span style=\"font-weight: 400\">Fazeer Rahim, Economista Senior, Departamento de Asuntos Fiscales, Fondo Monetario Internacional<\/span><\/li><li><span style=\"font-weight: 400\">Vivek Ramkumar, Director Senior de Pol\u00edticas, International Budget Partnership<\/span><\/li><li><span style=\"font-weight: 400\">Isabel Rial, Economista Senior, Departamento de Asuntos Fiscales, Fondo Monetario Internacional<\/span><\/li><li><span style=\"font-weight: 400\">Francisco Rodriguez, Coordinador \u2013 Derechos Sociales de la Ni\u00f1ez, Asociaci\u00f3n Civil por la Igualdad de la Justicia (ACIJ)<\/span><\/li><li><span style=\"font-weight: 400\">Claire Schouten, Oficial Senior de Programas, International Budget Partnership<\/span><\/li><li><span style=\"font-weight: 400\">Danielle Serebro, Gerente de Programa Interina, Iniciativa para la Reforma Presupuestaria en \u00c1frica<\/span><\/li><li><span style=\"font-weight: 400\">Rolando U. Toledo, Subsecretario OIC, Departamento de Presupuesto y Gesti\u00f3n, Filipinas<\/span><\/li><li><span style=\"font-weight: 400\">Jeannette von Wolfersdorff, Ex presidenta, Comisi\u00f3n Independiente sobre la Eficiencia y Transparencia del Gasto P\u00fablico, Ex jefa: Observatorio Fiscal, Chile<\/span><\/li><li><span style=\"font-weight: 400\">Nelson Shack Yalta, Contralor General, Rep\u00fablica del Per\u00fa<\/span><\/li><li><span style=\"font-weight: 400\">Hana Zori\u010di\u0107, Jefa de Departamento, Tesorer\u00eda del Estado, Ministerio de Finanzas, Croacia<\/span><\/li><\/ul>\t\t\t\t\t\t<\/div>\n\t\t\t\t<\/div>\n\t\t\t\t\t<\/div>\n\t\t<\/div>\n\t\t\t\t\t<\/div>\n\t\t<\/section>\n\t\t\t\t<\/div>\n\t\t","protected":false},"excerpt":{"rendered":"<p>El equipo del curso virtual Lista de Colaboradores Instructores Iniciativa Global para la Transparencia Fiscal Juan Pablo Guerrero, Director de la Red Raquel Ferreira, Asesora T\u00e9cnica Senior Aura Martinez Oriol, Coordinadora de Informaci\u00f3n, Asistencia T\u00e9cnica y Colaboraci\u00f3n Marianne Fabian, Coordinadora . . .<\/p>\n","protected":false},"author":4462,"featured_media":0,"parent":0,"menu_order":0,"comment_status":"closed","ping_status":"closed","template":"","meta":{"_acf_changed":false,"footnotes":""},"class_list":["post-2229","page","type-page","status-publish","hentry"],"acf":[],"_links":{"self":[{"href":"https:\/\/aftx.learning.fiscaltransparency.net\/es\/wp-json\/wp\/v2\/pages\/2229"}],"collection":[{"href":"https:\/\/aftx.learning.fiscaltransparency.net\/es\/wp-json\/wp\/v2\/pages"}],"about":[{"href":"https:\/\/aftx.learning.fiscaltransparency.net\/es\/wp-json\/wp\/v2\/types\/page"}],"author":[{"embeddable":true,"href":"https:\/\/aftx.learning.fiscaltransparency.net\/es\/wp-json\/wp\/v2\/users\/4462"}],"replies":[{"embeddable":true,"href":"https:\/\/aftx.learning.fiscaltransparency.net\/es\/wp-json\/wp\/v2\/comments?post=2229"}],"version-history":[{"count":10,"href":"https:\/\/aftx.learning.fiscaltransparency.net\/es\/wp-json\/wp\/v2\/pages\/2229\/revisions"}],"predecessor-version":[{"id":2370,"href":"https:\/\/aftx.learning.fiscaltransparency.net\/es\/wp-json\/wp\/v2\/pages\/2229\/revisions\/2370"}],"wp:attachment":[{"href":"https:\/\/aftx.learning.fiscaltransparency.net\/es\/wp-json\/wp\/v2\/media?parent=2229"}],"curies":[{"name":"wp","href":"https:\/\/api.w.org\/{rel}","templated":true}]}}