{"id":2261,"date":"2021-01-15T14:46:15","date_gmt":"2021-01-15T14:46:15","guid":{"rendered":"https:\/\/aftx.learning.fiscaltransparency.net\/about-gift\/"},"modified":"2024-08-13T13:15:35","modified_gmt":"2024-08-13T13:15:35","slug":"about-gift","status":"publish","type":"page","link":"https:\/\/aftx.learning.fiscaltransparency.net\/es\/about-gift\/","title":{"rendered":"About GIFT"},"content":{"rendered":"\t\t<div data-elementor-type=\"wp-page\" data-elementor-id=\"2261\" class=\"elementor elementor-2261 elementor-68\" data-elementor-post-type=\"page\">\n\t\t\t\t\t\t<section class=\"elementor-section elementor-top-section elementor-element elementor-element-4070034 elementor-section-boxed elementor-section-height-default elementor-section-height-default\" data-id=\"4070034\" data-element_type=\"section\">\n\t\t\t\t\t\t<div class=\"elementor-container elementor-column-gap-default\">\n\t\t\t\t\t<div class=\"elementor-column elementor-col-100 elementor-top-column elementor-element elementor-element-108f445\" data-id=\"108f445\" data-element_type=\"column\">\n\t\t\t<div class=\"elementor-widget-wrap elementor-element-populated\">\n\t\t\t\t\t\t<div class=\"elementor-element elementor-element-b7a229c elementor--h-position-center elementor--v-position-middle elementor-arrows-position-inside elementor-pagination-position-inside elementor-widget elementor-widget-slides\" data-id=\"b7a229c\" data-element_type=\"widget\" data-settings=\"{&quot;transition&quot;:&quot;fade&quot;,&quot;navigation&quot;:&quot;both&quot;,&quot;autoplay&quot;:&quot;yes&quot;,&quot;pause_on_hover&quot;:&quot;yes&quot;,&quot;pause_on_interaction&quot;:&quot;yes&quot;,&quot;autoplay_speed&quot;:5000,&quot;infinite&quot;:&quot;yes&quot;,&quot;transition_speed&quot;:500}\" data-widget_type=\"slides.default\">\n\t\t\t\t<div class=\"elementor-widget-container\">\n\t\t\t\t\t<div class=\"elementor-swiper\">\n\t\t\t<div class=\"elementor-slides-wrapper elementor-main-swiper swiper\" dir=\"ltr\" data-animation=\"fadeInUp\">\n\t\t\t\t<div class=\"swiper-wrapper elementor-slides\">\n\t\t\t\t\t\t\t\t\t\t<div class=\"elementor-repeater-item-228d6d0 swiper-slide\"><div class=\"swiper-slide-bg\" role=\"img\"><\/div><a class=\"swiper-slide-inner\" href=\"https:\/\/www.fiscaltransparency.net\/about\/\"><div class=\"swiper-slide-contents\"><div  class=\"elementor-button elementor-slide-button elementor-size-sm\">Get to know GIFT better!<\/div><\/div><\/a><\/div>\t\t\t\t<\/div>\n\t\t\t\t\t\t\t<\/div>\n\t\t<\/div>\n\t\t\t\t<\/div>\n\t\t\t\t<\/div>\n\t\t\t\t\t<\/div>\n\t\t<\/div>\n\t\t\t\t\t<\/div>\n\t\t<\/section>\n\t\t\t\t<section class=\"elementor-section elementor-top-section elementor-element elementor-element-2d807e47 elementor-section-boxed elementor-section-height-default elementor-section-height-default\" data-id=\"2d807e47\" data-element_type=\"section\">\n\t\t\t\t\t\t\t<div class=\"elementor-background-overlay\"><\/div>\n\t\t\t\t\t\t\t<div class=\"elementor-container elementor-column-gap-default\">\n\t\t\t\t\t<div class=\"elementor-column elementor-col-50 elementor-top-column elementor-element elementor-element-f2e4ba0\" data-id=\"f2e4ba0\" data-element_type=\"column\">\n\t\t\t<div class=\"elementor-widget-wrap elementor-element-populated\">\n\t\t\t\t\t\t<div class=\"elementor-element elementor-element-202bac16 elementor-widget elementor-widget-heading\" data-id=\"202bac16\" data-element_type=\"widget\" data-widget_type=\"heading.default\">\n\t\t\t\t<div class=\"elementor-widget-container\">\n\t\t\t<h3 class=\"elementor-heading-title elementor-size-default\">QUI\u00c9NES SOMOS<\/h3>\t\t<\/div>\n\t\t\t\t<\/div>\n\t\t\t\t<div class=\"elementor-element elementor-element-2c3f2fae elementor-widget elementor-widget-text-editor\" data-id=\"2c3f2fae\" data-element_type=\"widget\" data-widget_type=\"text-editor.default\">\n\t\t\t\t<div class=\"elementor-widget-container\">\n\t\t\t\t\t\t\t<p>La Iniciativa Global para la Transparencia Fiscal (GIFT) es una red mundial que facilita el di\u00e1logo entre sus administradores y socios de gobiernos, organizaciones de la sociedad civil, instituciones financieras internacionales y otras partes interesadas para encontrar y compartir soluciones a los retos de la transparencia fiscal y la participaci\u00f3n.<\/p><p>Trabaja a trav\u00e9s de la promoci\u00f3n y el di\u00e1logo de alto nivel, el aprendizaje entre iguales y la colaboraci\u00f3n t\u00e9cnica, la investigaci\u00f3n y la tecnolog\u00eda para la participaci\u00f3n. Para obtener una visi\u00f3n general del enfoque de la red de acci\u00f3n multipartita de GIFT y una lista completa de las partes interesadas, consulte el resumen de una p\u00e1gina de GIFT.<\/p><p>En la actualidad, la sede de GIFT es International Budget Partnership, una sociedad sin \u00e1nimo de lucro constituida con arreglo a las leyes del Distrito de Columbia\u00a0 y gestionada con fines ben\u00e9ficos, educativos y\/o cient\u00edficos en el sentido de la Secci\u00f3n 501(c)(3) del C\u00f3digo de Rentas Internas de los Estados Unidos. Por lo tanto, todas las funciones de coordinaci\u00f3n y administraci\u00f3n de GIFT deben cumplir las pol\u00edticas y procedimientos financieros y administrativos del IBP.<\/p>\t\t\t\t\t\t<\/div>\n\t\t\t\t<\/div>\n\t\t\t\t<div class=\"elementor-element elementor-element-d28657c elementor-align-center elementor-widget elementor-widget-button\" data-id=\"d28657c\" data-element_type=\"widget\" data-widget_type=\"button.default\">\n\t\t\t\t<div class=\"elementor-widget-container\">\n\t\t\t\t\t<div class=\"elementor-button-wrapper\">\n\t\t\t<a class=\"elementor-button elementor-button-link elementor-size-sm\" href=\"http:\/\/www.fiscaltransparency.net\/\">\n\t\t\t\t\t\t<span class=\"elementor-button-content-wrapper\">\n\t\t\t\t\t\t\t\t\t<span class=\"elementor-button-text\">Acceda a la p\u00e1gina web principal de GIFT<\/span>\n\t\t\t\t\t<\/span>\n\t\t\t\t\t<\/a>\n\t\t<\/div>\n\t\t\t\t<\/div>\n\t\t\t\t<\/div>\n\t\t\t\t\t<\/div>\n\t\t<\/div>\n\t\t\t\t<div class=\"elementor-column elementor-col-50 elementor-top-column elementor-element elementor-element-6ada1424\" data-id=\"6ada1424\" data-element_type=\"column\">\n\t\t\t<div class=\"elementor-widget-wrap elementor-element-populated\">\n\t\t\t\t\t\t<div class=\"elementor-element elementor-element-d113738 elementor-widget elementor-widget-image\" data-id=\"d113738\" data-element_type=\"widget\" data-widget_type=\"image.default\">\n\t\t\t\t<div class=\"elementor-widget-container\">\n\t\t\t\t\t\t\t\t\t\t\t\t\t<img decoding=\"async\" width=\"200\" height=\"200\" src=\"https:\/\/d2dl4wi9c2tbm3.cloudfront.net\/19\/2021\/01\/favicon.png\" class=\"attachment-large size-large wp-image-8\" alt=\"\" \/>\t\t\t\t\t\t\t\t\t\t\t\t\t<\/div>\n\t\t\t\t<\/div>\n\t\t\t\t\t<\/div>\n\t\t<\/div>\n\t\t\t\t\t<\/div>\n\t\t<\/section>\n\t\t\t\t<section class=\"elementor-section elementor-top-section elementor-element elementor-element-61a0219b elementor-section-boxed elementor-section-height-default elementor-section-height-default\" data-id=\"61a0219b\" data-element_type=\"section\">\n\t\t\t\t\t\t<div class=\"elementor-container elementor-column-gap-default\">\n\t\t\t\t\t<div class=\"elementor-column elementor-col-100 elementor-top-column elementor-element elementor-element-39f18896\" data-id=\"39f18896\" data-element_type=\"column\">\n\t\t\t<div class=\"elementor-widget-wrap elementor-element-populated\">\n\t\t\t\t\t\t<div class=\"elementor-element elementor-element-35d4eeb6 elementor-widget elementor-widget-edly_instructors_slider\" data-id=\"35d4eeb6\" data-element_type=\"widget\" data-widget_type=\"edly_instructors_slider.default\">\n\t\t\t\t<div class=\"elementor-widget-container\">\n\t\t\t\n<div class=\"row instructors-card-slider\">\n\t\t\t\t\t<div class=\"\">\n\t\t\t\t\t<div class=\"instructor-card\">\n\t\t\t\t\t\t<div class=\"image\">\n\t\t\t\t\t\t\t<a href=\"https:\/\/aftx.learning.fiscaltransparency.net\/es\/Instructor\/marianne-fabian\/\">\n\t\t\t\t\t\t\t\t\t\t\t\t\t\t\t\t<img decoding=\"async\" src=\"https:\/\/d2dl4wi9c2tbm3.cloudfront.net\/19\/2021\/01\/favicon.png\" alt=\"Marianne Fabian\" title=\"Marianne Fabian\" width=\"200\" height=\"200\">\n\t\t\t\t\t\t\t<\/a>\n\t\t\t\t\t\t<\/div>\n\t\t\t\t\t\t<h3 class=\"title\">\n\t\t\t\t\t\t\t<a href=\"https:\/\/aftx.learning.fiscaltransparency.net\/es\/Instructor\/marianne-fabian\/\">\n\t\t\t\t\t\t\t\tMarianne Fabian\t\t\t\t\t\t\t<\/a>\n\t\t\t\t\t\t<\/h3>\n\t\t\t\t\t\t<div class=\"regency\">\n\t\t\t\t\t\t\t  \t\t\t\t\t\t<\/div>\n\t\t\t\t\t<\/div>\n\t\t\t\t<\/div>\n\t\t\t\t<\/div><!-- .row -->\n\t\t<\/div>\n\t\t\t\t<\/div>\n\t\t\t\t\t<\/div>\n\t\t<\/div>\n\t\t\t\t\t<\/div>\n\t\t<\/section>\n\t\t\t\t<\/div>\n\t\t","protected":false},"excerpt":{"rendered":"<p>Get to know GIFT better! QUI\u00c9NES SOMOS La Iniciativa Global para la Transparencia Fiscal (GIFT) es una red mundial que facilita el di\u00e1logo entre sus administradores y socios de gobiernos, organizaciones de la sociedad civil, instituciones financieras internacionales y otras . . .<\/p>\n","protected":false},"author":1,"featured_media":0,"parent":0,"menu_order":0,"comment_status":"closed","ping_status":"closed","template":"elementor_header_footer","meta":{"_acf_changed":false,"footnotes":""},"class_list":["post-2261","page","type-page","status-publish","hentry"],"acf":[],"_links":{"self":[{"href":"https:\/\/aftx.learning.fiscaltransparency.net\/es\/wp-json\/wp\/v2\/pages\/2261"}],"collection":[{"href":"https:\/\/aftx.learning.fiscaltransparency.net\/es\/wp-json\/wp\/v2\/pages"}],"about":[{"href":"https:\/\/aftx.learning.fiscaltransparency.net\/es\/wp-json\/wp\/v2\/types\/page"}],"author":[{"embeddable":true,"href":"https:\/\/aftx.learning.fiscaltransparency.net\/es\/wp-json\/wp\/v2\/users\/1"}],"replies":[{"embeddable":true,"href":"https:\/\/aftx.learning.fiscaltransparency.net\/es\/wp-json\/wp\/v2\/comments?post=2261"}],"version-history":[{"count":10,"href":"https:\/\/aftx.learning.fiscaltransparency.net\/es\/wp-json\/wp\/v2\/pages\/2261\/revisions"}],"predecessor-version":[{"id":2356,"href":"https:\/\/aftx.learning.fiscaltransparency.net\/es\/wp-json\/wp\/v2\/pages\/2261\/revisions\/2356"}],"wp:attachment":[{"href":"https:\/\/aftx.learning.fiscaltransparency.net\/es\/wp-json\/wp\/v2\/media?parent=2261"}],"curies":[{"name":"wp","href":"https:\/\/api.w.org\/{rel}","templated":true}]}}