{"id":911,"date":"2021-08-29T13:26:29","date_gmt":"2021-08-29T13:26:29","guid":{"rendered":"https:\/\/aftx.learning.fiscaltransparency.net\/?page_id=911"},"modified":"2022-06-21T09:32:48","modified_gmt":"2022-06-21T09:32:48","slug":"rendez-vous-importants","status":"publish","type":"page","link":"https:\/\/aftx.learning.fiscaltransparency.net\/fr\/rendez-vous-importants\/","title":{"rendered":"Programme de cours"},"content":{"rendered":"\t\t<div data-elementor-type=\"wp-page\" data-elementor-id=\"911\" class=\"elementor elementor-911\" data-elementor-post-type=\"page\">\n\t\t\t\t\t\t<section class=\"elementor-section elementor-top-section elementor-element elementor-element-a85e8e8 elementor-section-boxed elementor-section-height-default elementor-section-height-default\" data-id=\"a85e8e8\" data-element_type=\"section\">\n\t\t\t\t\t\t<div class=\"elementor-container elementor-column-gap-default\">\n\t\t\t\t\t<div class=\"elementor-column elementor-col-100 elementor-top-column elementor-element elementor-element-7c899f38\" data-id=\"7c899f38\" data-element_type=\"column\">\n\t\t\t<div class=\"elementor-widget-wrap elementor-element-populated\">\n\t\t\t\t\t\t<div class=\"elementor-element elementor-element-4b1f8578 elementor--h-position-center elementor--v-position-middle elementor-arrows-position-inside elementor-pagination-position-inside elementor-widget elementor-widget-slides\" data-id=\"4b1f8578\" data-element_type=\"widget\" data-settings=\"{&quot;navigation&quot;:&quot;both&quot;,&quot;autoplay&quot;:&quot;yes&quot;,&quot;pause_on_hover&quot;:&quot;yes&quot;,&quot;pause_on_interaction&quot;:&quot;yes&quot;,&quot;autoplay_speed&quot;:5000,&quot;infinite&quot;:&quot;yes&quot;,&quot;transition&quot;:&quot;slide&quot;,&quot;transition_speed&quot;:500}\" data-widget_type=\"slides.default\">\n\t\t\t\t<div class=\"elementor-widget-container\">\n\t\t\t\t\t<div class=\"elementor-swiper\">\n\t\t\t<div class=\"elementor-slides-wrapper elementor-main-swiper swiper\" dir=\"ltr\" data-animation=\"fadeInUp\">\n\t\t\t\t<div class=\"swiper-wrapper elementor-slides\">\n\t\t\t\t\t\t\t\t\t\t<div class=\"elementor-repeater-item-800fc02 swiper-slide\"><div class=\"swiper-slide-bg\" role=\"img\"><\/div><div class=\"swiper-slide-inner\" ><div class=\"swiper-slide-contents\"><\/div><\/div><\/div>\t\t\t\t<\/div>\n\t\t\t\t\t\t\t<\/div>\n\t\t<\/div>\n\t\t\t\t<\/div>\n\t\t\t\t<\/div>\n\t\t\t\t\t<\/div>\n\t\t<\/div>\n\t\t\t\t\t<\/div>\n\t\t<\/section>\n\t\t\t\t<section class=\"elementor-section elementor-top-section elementor-element elementor-element-223e3c3 elementor-section-boxed elementor-section-height-default elementor-section-height-default\" data-id=\"223e3c3\" data-element_type=\"section\">\n\t\t\t\t\t\t<div class=\"elementor-container elementor-column-gap-default\">\n\t\t\t\t\t<div class=\"elementor-column elementor-col-100 elementor-top-column elementor-element elementor-element-7868a586\" data-id=\"7868a586\" data-element_type=\"column\">\n\t\t\t<div class=\"elementor-widget-wrap elementor-element-populated\">\n\t\t\t\t\t\t<div class=\"elementor-element elementor-element-451fdb18 elementor-widget elementor-widget-heading\" data-id=\"451fdb18\" data-element_type=\"widget\" data-widget_type=\"heading.default\">\n\t\t\t\t<div class=\"elementor-widget-container\">\n\t\t\t<h2 class=\"elementor-heading-title elementor-size-default\">Programme de cours<\/h2>\t\t<\/div>\n\t\t\t\t<\/div>\n\t\t\t\t<div class=\"elementor-element elementor-element-2e5660d8 elementor-widget elementor-widget-text-editor\" data-id=\"2e5660d8\" data-element_type=\"widget\" data-widget_type=\"text-editor.default\">\n\t\t\t\t<div class=\"elementor-widget-container\">\n\t\t\t\t\t\t\t<p><span style=\"color: #18988b\"><strong>Semaine 1<\/strong><\/span><\/p><ul><li>Introduction au cours<\/li><li>Suivre le cours : Guide pratique<\/li><li>\u00c9valuation pr\u00e9alable au cours (premi\u00e8re unit\u00e9 du Module 1)<\/li><\/ul><p><span style=\"color: #18988b\"><strong>Semaine 2<\/strong><\/span><\/p><ul><li>Module 1 : Introduction \u00e0 la transparence budg\u00e9taire<\/li><\/ul><p><span style=\"color: #18988b\"><strong>Semaine 3<\/strong><\/span><\/p><ul><li>Module 2 : Les acteurs externes de la transparence budg\u00e9taire, la participation publique et la redevabilit\u00e9<\/li><\/ul><p><span style=\"color: #18988b\"><strong>Semaine 4<\/strong><\/span><\/p><ul><li>Module 3 : Informations et normes en mati\u00e8re de transparence budg\u00e9taire<\/li><\/ul><p><span style=\"color: #18988b\"><strong>Semaine 5<\/strong><\/span><\/p><ul><li>Module 4 : Syst\u00e8mes internes et outils num\u00e9riques pour une meilleure mise en \u0153uvre<\/li><\/ul><p><span style=\"color: #18988b\"><strong>Semaine 6<\/strong><\/span><\/p><ul><li>Module 5 :Actions visant \u00e0 am\u00e9liorer la transparence budg\u00e9taire (r\u00e9formes et autres mesures)<\/li><\/ul>\t\t\t\t\t\t<\/div>\n\t\t\t\t<\/div>\n\t\t\t\t\t<\/div>\n\t\t<\/div>\n\t\t\t\t\t<\/div>\n\t\t<\/section>\n\t\t\t\t<\/div>\n\t\t","protected":false},"excerpt":{"rendered":"<p>Programme de cours Semaine 1 Introduction au cours Suivre le cours : Guide pratique \u00c9valuation pr\u00e9alable au cours (premi\u00e8re unit\u00e9 du Module 1) Semaine 2 Module 1 : Introduction \u00e0 la transparence budg\u00e9taire Semaine 3 Module 2 : Les acteurs . . .<\/p>\n","protected":false},"author":4462,"featured_media":0,"parent":0,"menu_order":0,"comment_status":"closed","ping_status":"closed","template":"","meta":{"_acf_changed":false,"footnotes":""},"class_list":["post-911","page","type-page","status-publish","hentry"],"acf":[],"_links":{"self":[{"href":"https:\/\/aftx.learning.fiscaltransparency.net\/fr\/wp-json\/wp\/v2\/pages\/911"}],"collection":[{"href":"https:\/\/aftx.learning.fiscaltransparency.net\/fr\/wp-json\/wp\/v2\/pages"}],"about":[{"href":"https:\/\/aftx.learning.fiscaltransparency.net\/fr\/wp-json\/wp\/v2\/types\/page"}],"author":[{"embeddable":true,"href":"https:\/\/aftx.learning.fiscaltransparency.net\/fr\/wp-json\/wp\/v2\/users\/4462"}],"replies":[{"embeddable":true,"href":"https:\/\/aftx.learning.fiscaltransparency.net\/fr\/wp-json\/wp\/v2\/comments?post=911"}],"version-history":[{"count":10,"href":"https:\/\/aftx.learning.fiscaltransparency.net\/fr\/wp-json\/wp\/v2\/pages\/911\/revisions"}],"predecessor-version":[{"id":1688,"href":"https:\/\/aftx.learning.fiscaltransparency.net\/fr\/wp-json\/wp\/v2\/pages\/911\/revisions\/1688"}],"wp:attachment":[{"href":"https:\/\/aftx.learning.fiscaltransparency.net\/fr\/wp-json\/wp\/v2\/media?parent=911"}],"curies":[{"name":"wp","href":"https:\/\/api.w.org\/{rel}","templated":true}]}}