{"id":913,"date":"2021-08-29T13:26:58","date_gmt":"2021-08-29T13:26:58","guid":{"rendered":"https:\/\/aftx.learning.fiscaltransparency.net\/?page_id=913"},"modified":"2022-01-10T16:44:35","modified_gmt":"2022-01-10T16:44:35","slug":"f-a-q","status":"publish","type":"page","link":"https:\/\/aftx.learning.fiscaltransparency.net\/fr\/f-a-q\/","title":{"rendered":"F.A.Q."},"content":{"rendered":"\t\t<div data-elementor-type=\"wp-page\" data-elementor-id=\"913\" class=\"elementor elementor-913\" data-elementor-post-type=\"page\">\n\t\t\t\t\t\t<section class=\"elementor-section elementor-top-section elementor-element elementor-element-6cb93846 elementor-section-boxed elementor-section-height-default elementor-section-height-default\" data-id=\"6cb93846\" data-element_type=\"section\">\n\t\t\t\t\t\t<div class=\"elementor-container elementor-column-gap-default\">\n\t\t\t\t\t<div class=\"elementor-column elementor-col-100 elementor-top-column elementor-element elementor-element-d5a3a72\" data-id=\"d5a3a72\" data-element_type=\"column\">\n\t\t\t<div class=\"elementor-widget-wrap elementor-element-populated\">\n\t\t\t\t\t\t<div class=\"elementor-element elementor-element-4f9dccb5 elementor--h-position-center elementor--v-position-middle elementor-arrows-position-inside elementor-pagination-position-inside elementor-widget elementor-widget-slides\" data-id=\"4f9dccb5\" data-element_type=\"widget\" data-settings=\"{&quot;navigation&quot;:&quot;both&quot;,&quot;autoplay&quot;:&quot;yes&quot;,&quot;pause_on_hover&quot;:&quot;yes&quot;,&quot;pause_on_interaction&quot;:&quot;yes&quot;,&quot;autoplay_speed&quot;:5000,&quot;infinite&quot;:&quot;yes&quot;,&quot;transition&quot;:&quot;slide&quot;,&quot;transition_speed&quot;:500}\" data-widget_type=\"slides.default\">\n\t\t\t\t<div class=\"elementor-widget-container\">\n\t\t\t\t\t<div class=\"elementor-swiper\">\n\t\t\t<div class=\"elementor-slides-wrapper elementor-main-swiper swiper\" dir=\"ltr\" data-animation=\"fadeInUp\">\n\t\t\t\t<div class=\"swiper-wrapper elementor-slides\">\n\t\t\t\t\t\t\t\t\t\t<div class=\"elementor-repeater-item-0a03ad9 swiper-slide\"><div class=\"swiper-slide-bg\" role=\"img\"><\/div><div class=\"swiper-slide-inner\" ><div class=\"swiper-slide-contents\"><\/div><\/div><\/div>\t\t\t\t<\/div>\n\t\t\t\t\t\t\t<\/div>\n\t\t<\/div>\n\t\t\t\t<\/div>\n\t\t\t\t<\/div>\n\t\t\t\t\t<\/div>\n\t\t<\/div>\n\t\t\t\t\t<\/div>\n\t\t<\/section>\n\t\t\t\t<section class=\"elementor-section elementor-top-section elementor-element elementor-element-509eb9ed elementor-section-boxed elementor-section-height-default elementor-section-height-default\" data-id=\"509eb9ed\" data-element_type=\"section\">\n\t\t\t\t\t\t<div class=\"elementor-container elementor-column-gap-default\">\n\t\t\t\t\t<div class=\"elementor-column elementor-col-100 elementor-top-column elementor-element elementor-element-5f2c9959\" data-id=\"5f2c9959\" data-element_type=\"column\">\n\t\t\t<div class=\"elementor-widget-wrap elementor-element-populated\">\n\t\t\t\t\t\t<div class=\"elementor-element elementor-element-15106ad0 elementor-widget elementor-widget-heading\" data-id=\"15106ad0\" data-element_type=\"widget\" data-widget_type=\"heading.default\">\n\t\t\t\t<div class=\"elementor-widget-container\">\n\t\t\t<h2 class=\"elementor-heading-title elementor-size-default\">FAQ - Questions fr\u00e9quemment pos\u00e9es<\/h2>\t\t<\/div>\n\t\t\t\t<\/div>\n\t\t\t\t\t<\/div>\n\t\t<\/div>\n\t\t\t\t\t<\/div>\n\t\t<\/section>\n\t\t\t\t<section class=\"elementor-section elementor-top-section elementor-element elementor-element-2e1dc567 elementor-section-boxed elementor-section-height-default elementor-section-height-default\" data-id=\"2e1dc567\" data-element_type=\"section\">\n\t\t\t\t\t\t<div class=\"elementor-container elementor-column-gap-default\">\n\t\t\t\t\t<div class=\"elementor-column elementor-col-100 elementor-top-column elementor-element elementor-element-3a31d4f8\" data-id=\"3a31d4f8\" data-element_type=\"column\">\n\t\t\t<div class=\"elementor-widget-wrap elementor-element-populated\">\n\t\t\t\t\t\t<div class=\"elementor-element elementor-element-3015da1d elementor-widget elementor-widget-accordion\" data-id=\"3015da1d\" data-element_type=\"widget\" data-widget_type=\"accordion.default\">\n\t\t\t\t<div class=\"elementor-widget-container\">\n\t\t\t\t\t<div class=\"elementor-accordion\">\n\t\t\t\t\t\t\t<div class=\"elementor-accordion-item\">\n\t\t\t\t\t<div id=\"elementor-tab-title-8061\" class=\"elementor-tab-title\" data-tab=\"1\" role=\"button\" aria-controls=\"elementor-tab-content-8061\" aria-expanded=\"false\">\n\t\t\t\t\t\t\t\t\t\t\t\t\t<span class=\"elementor-accordion-icon elementor-accordion-icon-left\" aria-hidden=\"true\">\n\t\t\t\t\t\t\t\t\t\t\t\t\t\t\t<span class=\"elementor-accordion-icon-closed\"><i class=\"fas fa-plus\"><\/i><\/span>\n\t\t\t\t\t\t\t\t<span class=\"elementor-accordion-icon-opened\"><i class=\"fas fa-minus\"><\/i><\/span>\n\t\t\t\t\t\t\t\t\t\t\t\t\t\t<\/span>\n\t\t\t\t\t\t\t\t\t\t\t\t<a class=\"elementor-accordion-title\" tabindex=\"0\">QUESTION N\u00b0 1 : J'AI DES DIFFICULT\u00c9S \u00c0 AFFICHER CORRECTEMENT LES IMAGES ET LES VID\u00c9OS. QUE DOIS-JE FAIRE ?<\/a>\n\t\t\t\t\t<\/div>\n\t\t\t\t\t<div id=\"elementor-tab-content-8061\" class=\"elementor-tab-content elementor-clearfix\" data-tab=\"1\" role=\"region\" aria-labelledby=\"elementor-tab-title-8061\"><p>Nous vous recommandons d&#8217;essayer les choses suivantes&#8230;<\/p><p>Utilisez le navigateur Google Chrome ou le navigateur Apple Safari. N&#8217;utilisez pas Microsoft Internet Explorer, car il arrive souvent que le contenu ne s&#8217;affiche pas correctement.<\/p><p>D\u00e9sactiver les plug-ins.<\/p><p>Assurez-vous que vous avez activ\u00e9 Javascript dans les param\u00e8tres de votre navigateur.<\/p><p>Acc\u00e9dez \u00e0 votre cours \u00e0 partir d&#8217;un r\u00e9seau non restreint. Si vous tentez d&#8217;acc\u00e9der au cours en \u00e9tant derri\u00e8re \u00a0 \u00a0 \u00a0un pare-feu, contactez votre administrateur ou votre service informatique local pour d\u00e9sactiver temporairement le pare-feu local. Vous pouvez m\u00eame sugg\u00e9rer de d\u00e9sactiver le pare-feu pour l&#8217;adresse IP unique.<\/p><\/div>\n\t\t\t\t<\/div>\n\t\t\t\t\t\t\t<div class=\"elementor-accordion-item\">\n\t\t\t\t\t<div id=\"elementor-tab-title-8062\" class=\"elementor-tab-title\" data-tab=\"2\" role=\"button\" aria-controls=\"elementor-tab-content-8062\" aria-expanded=\"false\">\n\t\t\t\t\t\t\t\t\t\t\t\t\t<span class=\"elementor-accordion-icon elementor-accordion-icon-left\" aria-hidden=\"true\">\n\t\t\t\t\t\t\t\t\t\t\t\t\t\t\t<span class=\"elementor-accordion-icon-closed\"><i class=\"fas fa-plus\"><\/i><\/span>\n\t\t\t\t\t\t\t\t<span class=\"elementor-accordion-icon-opened\"><i class=\"fas fa-minus\"><\/i><\/span>\n\t\t\t\t\t\t\t\t\t\t\t\t\t\t<\/span>\n\t\t\t\t\t\t\t\t\t\t\t\t<a class=\"elementor-accordion-title\" tabindex=\"0\">QUESTION N\u00b02 : PUIS-JE T\u00c9L\u00c9CHARGER LES VID\u00c9OS DES COURS POUR LES REGARDER PLUS TARD ?<\/a>\n\t\t\t\t\t<\/div>\n\t\t\t\t\t<div id=\"elementor-tab-content-8062\" class=\"elementor-tab-content elementor-clearfix\" data-tab=\"2\" role=\"region\" aria-labelledby=\"elementor-tab-title-8062\"><p>Oui. Chaque cours vid\u00e9o est disponible sous la forme d\u2019une copie t\u00e9l\u00e9chargeable. Veuillez cliquer sur le bouton &#8220;T\u00e9l\u00e9charger la vid\u00e9o&#8221; situ\u00e9 sous chaque vid\u00e9o dans une unit\u00e9\/page afin de t\u00e9l\u00e9charger la vid\u00e9o sur votre ordinateur. (La vid\u00e9o est fournie en MP4).<\/p><\/div>\n\t\t\t\t<\/div>\n\t\t\t\t\t\t\t<div class=\"elementor-accordion-item\">\n\t\t\t\t\t<div id=\"elementor-tab-title-8063\" class=\"elementor-tab-title\" data-tab=\"3\" role=\"button\" aria-controls=\"elementor-tab-content-8063\" aria-expanded=\"false\">\n\t\t\t\t\t\t\t\t\t\t\t\t\t<span class=\"elementor-accordion-icon elementor-accordion-icon-left\" aria-hidden=\"true\">\n\t\t\t\t\t\t\t\t\t\t\t\t\t\t\t<span class=\"elementor-accordion-icon-closed\"><i class=\"fas fa-plus\"><\/i><\/span>\n\t\t\t\t\t\t\t\t<span class=\"elementor-accordion-icon-opened\"><i class=\"fas fa-minus\"><\/i><\/span>\n\t\t\t\t\t\t\t\t\t\t\t\t\t\t<\/span>\n\t\t\t\t\t\t\t\t\t\t\t\t<a class=\"elementor-accordion-title\" tabindex=\"0\">QUESTION N\u00b03 : COMMENT PUIS-JE REGARDER LES VID\u00c9OS EN QUALIT\u00c9 STANDARD OU HAUTE D\u00c9FINITION ?<\/a>\n\t\t\t\t\t<\/div>\n\t\t\t\t\t<div id=\"elementor-tab-content-8063\" class=\"elementor-tab-content elementor-clearfix\" data-tab=\"3\" role=\"region\" aria-labelledby=\"elementor-tab-title-8063\"><p>Pour la haute d\u00e9finition (HD), cliquez sur le bouton &#8220;HD&#8221; dans la barre de contr\u00f4le de chaque vid\u00e9o. D\u00e8s qu&#8217;il devient rouge, vous visualisez la vid\u00e9o en HD. Sinon, par d\u00e9faut, les vid\u00e9os sont lues en d\u00e9finition standard.<\/p><\/div>\n\t\t\t\t<\/div>\n\t\t\t\t\t\t\t<div class=\"elementor-accordion-item\">\n\t\t\t\t\t<div id=\"elementor-tab-title-8064\" class=\"elementor-tab-title\" data-tab=\"4\" role=\"button\" aria-controls=\"elementor-tab-content-8064\" aria-expanded=\"false\">\n\t\t\t\t\t\t\t\t\t\t\t\t\t<span class=\"elementor-accordion-icon elementor-accordion-icon-left\" aria-hidden=\"true\">\n\t\t\t\t\t\t\t\t\t\t\t\t\t\t\t<span class=\"elementor-accordion-icon-closed\"><i class=\"fas fa-plus\"><\/i><\/span>\n\t\t\t\t\t\t\t\t<span class=\"elementor-accordion-icon-opened\"><i class=\"fas fa-minus\"><\/i><\/span>\n\t\t\t\t\t\t\t\t\t\t\t\t\t\t<\/span>\n\t\t\t\t\t\t\t\t\t\t\t\t<a class=\"elementor-accordion-title\" tabindex=\"0\">QUESTION N\u00b04 : PUIS-JE ACC\u00c9DER AU COURS SUR MON T\u00c9L\u00c9PHONE OU MA TABLETTE ?<\/a>\n\t\t\t\t\t<\/div>\n\t\t\t\t\t<div id=\"elementor-tab-content-8064\" class=\"elementor-tab-content elementor-clearfix\" data-tab=\"4\" role=\"region\" aria-labelledby=\"elementor-tab-title-8064\"><p>Oui, vous pouvez acc\u00e9der au cours \u00e0 l&#8217;aide de votre appareil mobile. Si vous avez l&#8217;intention de suivre ce cours sur un appareil mobile \u00e9quip\u00e9 des syst\u00e8mes d&#8217;exploitation Apple iOS ou Android, nous vous recommandons d&#8217;utiliser les navigateurs Google Chrome ou Microsoft Edge.<\/p><\/div>\n\t\t\t\t<\/div>\n\t\t\t\t\t\t\t<div class=\"elementor-accordion-item\">\n\t\t\t\t\t<div id=\"elementor-tab-title-8065\" class=\"elementor-tab-title\" data-tab=\"5\" role=\"button\" aria-controls=\"elementor-tab-content-8065\" aria-expanded=\"false\">\n\t\t\t\t\t\t\t\t\t\t\t\t\t<span class=\"elementor-accordion-icon elementor-accordion-icon-left\" aria-hidden=\"true\">\n\t\t\t\t\t\t\t\t\t\t\t\t\t\t\t<span class=\"elementor-accordion-icon-closed\"><i class=\"fas fa-plus\"><\/i><\/span>\n\t\t\t\t\t\t\t\t<span class=\"elementor-accordion-icon-opened\"><i class=\"fas fa-minus\"><\/i><\/span>\n\t\t\t\t\t\t\t\t\t\t\t\t\t\t<\/span>\n\t\t\t\t\t\t\t\t\t\t\t\t<a class=\"elementor-accordion-title\" tabindex=\"0\">QUESTION N\u00b05 : COMMENT PUIS-JE T\u00c9L\u00c9CHARGER LES TRANSCRIPTIONS DES VID\u00c9OS DE COURS ?<\/a>\n\t\t\t\t\t<\/div>\n\t\t\t\t\t<div id=\"elementor-tab-content-8065\" class=\"elementor-tab-content elementor-clearfix\" data-tab=\"5\" role=\"region\" aria-labelledby=\"elementor-tab-title-8065\"><p>Pour t\u00e9l\u00e9charger une transcription, veuillez s\u00e9lectionner l&#8217;une des options de t\u00e9l\u00e9chargement. Le fichier &#8220;. srt&#8221; ou &#8220;. txt&#8221;.\u00a0<\/p><p>Les transcriptions des fichiers SubRip (. srt) contiennent des codes temporels, \u00e9galement appel\u00e9s time codes, qui permettent au lecteur vid\u00e9o d&#8217;identifier quand afficher une ligne de texte. Dans certaines transcriptions, les codes temporels apparaissent sans s\u00e9paration de ligne au d\u00e9but du fichier. Faites d\u00e9filer la page et vous verrez le texte r\u00e9el.<\/p><\/div>\n\t\t\t\t<\/div>\n\t\t\t\t\t\t\t<div class=\"elementor-accordion-item\">\n\t\t\t\t\t<div id=\"elementor-tab-title-8066\" class=\"elementor-tab-title\" data-tab=\"6\" role=\"button\" aria-controls=\"elementor-tab-content-8066\" aria-expanded=\"false\">\n\t\t\t\t\t\t\t\t\t\t\t\t\t<span class=\"elementor-accordion-icon elementor-accordion-icon-left\" aria-hidden=\"true\">\n\t\t\t\t\t\t\t\t\t\t\t\t\t\t\t<span class=\"elementor-accordion-icon-closed\"><i class=\"fas fa-plus\"><\/i><\/span>\n\t\t\t\t\t\t\t\t<span class=\"elementor-accordion-icon-opened\"><i class=\"fas fa-minus\"><\/i><\/span>\n\t\t\t\t\t\t\t\t\t\t\t\t\t\t<\/span>\n\t\t\t\t\t\t\t\t\t\t\t\t<a class=\"elementor-accordion-title\" tabindex=\"0\">QUESTION N\u00b06 : COMMENT PUIS-JE ACTIVER ET D\u00c9SACTIVER LES TRANSCRIPTIONS ET SOUS-TITRES DES VID\u00c9OS ?<\/a>\n\t\t\t\t\t<\/div>\n\t\t\t\t\t<div id=\"elementor-tab-content-8066\" class=\"elementor-tab-content elementor-clearfix\" data-tab=\"6\" role=\"region\" aria-labelledby=\"elementor-tab-title-8066\"><p>Les transcriptions peuvent \u00eatre activ\u00e9es ou d\u00e9sactiv\u00e9es pour chaque vid\u00e9o. Pour ce faire, il suffit de cliquer sur le <img decoding=\"async\" class=\"alignnone  wp-image-1230\" src=\"https:\/\/d2dl4wi9c2tbm3.cloudfront.net\/19\/2021\/09\/fr\/transcript-icon_2.jpg\" alt=\"\" width=\"31\" height=\"30\" \/>\u00a0 bouton situ\u00e9 sur la barre de contr\u00f4le de chaque vid\u00e9o.<\/p><p>Les sous-titres peuvent \u00e9galement \u00eatre activ\u00e9s ou d\u00e9sactiv\u00e9s pour chaque vid\u00e9o. Pour ce faire, il suffit de cliquer sur le <img decoding=\"async\" class=\"alignnone  wp-image-1232\" src=\"https:\/\/d2dl4wi9c2tbm3.cloudfront.net\/19\/2021\/09\/fr\/CC-button-2.jpg\" alt=\"\" width=\"33\" height=\"33\" \/>\u00a0bouton situ\u00e9 sur \u00a0 \u00a0 \u00a0la barre de contr\u00f4le de chaque vid\u00e9o.<\/p><\/div>\n\t\t\t\t<\/div>\n\t\t\t\t\t\t\t\t<\/div>\n\t\t\t\t<\/div>\n\t\t\t\t<\/div>\n\t\t\t\t\t<\/div>\n\t\t<\/div>\n\t\t\t\t\t<\/div>\n\t\t<\/section>\n\t\t\t\t<\/div>\n\t\t","protected":false},"excerpt":{"rendered":"<p>FAQ &#8211; Questions fr\u00e9quemment pos\u00e9es QUESTION N\u00b0 1 : J&#8217;AI DES DIFFICULT\u00c9S \u00c0 AFFICHER CORRECTEMENT LES IMAGES ET LES VID\u00c9OS. QUE DOIS-JE FAIRE ? Nous vous recommandons d&#8217;essayer les choses suivantes&#8230; Utilisez le navigateur Google Chrome ou le navigateur Apple . . .<\/p>\n","protected":false},"author":4462,"featured_media":0,"parent":0,"menu_order":0,"comment_status":"closed","ping_status":"closed","template":"","meta":{"_acf_changed":false,"footnotes":""},"class_list":["post-913","page","type-page","status-publish","hentry"],"acf":[],"_links":{"self":[{"href":"https:\/\/aftx.learning.fiscaltransparency.net\/fr\/wp-json\/wp\/v2\/pages\/913"}],"collection":[{"href":"https:\/\/aftx.learning.fiscaltransparency.net\/fr\/wp-json\/wp\/v2\/pages"}],"about":[{"href":"https:\/\/aftx.learning.fiscaltransparency.net\/fr\/wp-json\/wp\/v2\/types\/page"}],"author":[{"embeddable":true,"href":"https:\/\/aftx.learning.fiscaltransparency.net\/fr\/wp-json\/wp\/v2\/users\/4462"}],"replies":[{"embeddable":true,"href":"https:\/\/aftx.learning.fiscaltransparency.net\/fr\/wp-json\/wp\/v2\/comments?post=913"}],"version-history":[{"count":10,"href":"https:\/\/aftx.learning.fiscaltransparency.net\/fr\/wp-json\/wp\/v2\/pages\/913\/revisions"}],"predecessor-version":[{"id":1633,"href":"https:\/\/aftx.learning.fiscaltransparency.net\/fr\/wp-json\/wp\/v2\/pages\/913\/revisions\/1633"}],"wp:attachment":[{"href":"https:\/\/aftx.learning.fiscaltransparency.net\/fr\/wp-json\/wp\/v2\/media?parent=913"}],"curies":[{"name":"wp","href":"https:\/\/api.w.org\/{rel}","templated":true}]}}