{"id":964,"date":"2021-08-30T03:06:02","date_gmt":"2021-08-30T03:06:02","guid":{"rendered":"https:\/\/aftx.learning.fiscaltransparency.net\/?page_id=964"},"modified":"2022-01-11T15:06:00","modified_gmt":"2022-01-11T15:06:00","slug":"a-propos-de-laftx","status":"publish","type":"page","link":"https:\/\/aftx.learning.fiscaltransparency.net\/fr\/a-propos-de-laftx\/","title":{"rendered":"\u00c0 Propos De L&#8217;AFTX"},"content":{"rendered":"\t\t<div data-elementor-type=\"wp-page\" data-elementor-id=\"964\" class=\"elementor elementor-964\" data-elementor-post-type=\"page\">\n\t\t\t\t\t\t<section class=\"elementor-section elementor-top-section elementor-element elementor-element-2061be40 elementor-section-boxed elementor-section-height-default elementor-section-height-default\" data-id=\"2061be40\" data-element_type=\"section\">\n\t\t\t\t\t\t<div class=\"elementor-container elementor-column-gap-default\">\n\t\t\t\t\t<div class=\"elementor-column elementor-col-100 elementor-top-column elementor-element elementor-element-52f1ecaf\" data-id=\"52f1ecaf\" data-element_type=\"column\">\n\t\t\t<div class=\"elementor-widget-wrap elementor-element-populated\">\n\t\t\t\t\t\t<div class=\"elementor-element elementor-element-36b3d828 elementor--h-position-center elementor--v-position-middle elementor-arrows-position-inside elementor-pagination-position-inside elementor-widget elementor-widget-slides\" data-id=\"36b3d828\" data-element_type=\"widget\" data-settings=\"{&quot;navigation&quot;:&quot;both&quot;,&quot;autoplay&quot;:&quot;yes&quot;,&quot;pause_on_hover&quot;:&quot;yes&quot;,&quot;pause_on_interaction&quot;:&quot;yes&quot;,&quot;autoplay_speed&quot;:5000,&quot;infinite&quot;:&quot;yes&quot;,&quot;transition&quot;:&quot;slide&quot;,&quot;transition_speed&quot;:500}\" data-widget_type=\"slides.default\">\n\t\t\t\t<div class=\"elementor-widget-container\">\n\t\t\t\t\t<div class=\"elementor-swiper\">\n\t\t\t<div class=\"elementor-slides-wrapper elementor-main-swiper swiper\" dir=\"ltr\" data-animation=\"fadeInUp\">\n\t\t\t\t<div class=\"swiper-wrapper elementor-slides\">\n\t\t\t\t\t\t\t\t\t\t<div class=\"elementor-repeater-item-0bc97fc swiper-slide\"><div class=\"swiper-slide-bg\" role=\"img\"><\/div><div class=\"swiper-slide-inner\" ><div class=\"swiper-slide-contents\"><\/div><\/div><\/div>\t\t\t\t<\/div>\n\t\t\t\t\t\t\t<\/div>\n\t\t<\/div>\n\t\t\t\t<\/div>\n\t\t\t\t<\/div>\n\t\t\t\t\t<\/div>\n\t\t<\/div>\n\t\t\t\t\t<\/div>\n\t\t<\/section>\n\t\t\t\t<section class=\"elementor-section elementor-top-section elementor-element elementor-element-412a71d0 elementor-section-boxed elementor-section-height-default elementor-section-height-default\" data-id=\"412a71d0\" data-element_type=\"section\">\n\t\t\t\t\t\t<div class=\"elementor-container elementor-column-gap-default\">\n\t\t\t\t\t<div class=\"elementor-column elementor-col-33 elementor-top-column elementor-element elementor-element-111ef93c\" data-id=\"111ef93c\" data-element_type=\"column\">\n\t\t\t<div class=\"elementor-widget-wrap elementor-element-populated\">\n\t\t\t\t\t\t<div class=\"elementor-element elementor-element-2484b0e0 elementor-widget elementor-widget-heading\" data-id=\"2484b0e0\" data-element_type=\"widget\" data-widget_type=\"heading.default\">\n\t\t\t\t<div class=\"elementor-widget-container\">\n\t\t\t<h2 class=\"elementor-heading-title elementor-size-default\">\u00c0 PROPOS DE L'AFTX<\/h2>\t\t<\/div>\n\t\t\t\t<\/div>\n\t\t\t\t<div class=\"elementor-element elementor-element-68d07a80 elementor-widget elementor-widget-text-editor\" data-id=\"68d07a80\" data-element_type=\"widget\" data-widget_type=\"text-editor.default\">\n\t\t\t\t<div class=\"elementor-widget-container\">\n\t\t\t\t\t\t\t<p><span style=\"font-weight: 400\">La transparence budg\u00e9taire est essentielle pour garantir l&#8217;utilisation efficace et \u00e9quitable des ressources publiques, comme en t\u00e9moignent de nombreuses \u00e9tudes qui ont montr\u00e9 ses nombreux avantages. Pourtant, \u00e0 travers le monde, la transparence budg\u00e9taire a progress\u00e9 \u00e0 un rythme lent. Les facteurs politiques, la compr\u00e9hension limit\u00e9e de l&#8217;importance de la transparence budg\u00e9taire et de ses avantages, et les contraintes de capacit\u00e9 sont les principaux obstacles qui entravent les progr\u00e8s des pays vers une plus grande transparence, et par cons\u00e9quent les avantages qui en d\u00e9coulent. La pand\u00e9mie de COVID-19 souligne \u00e0 nouveau l&#8217;importance de la transparence budg\u00e9taire pour le succ\u00e8s des politiques adopt\u00e9es en r\u00e9ponse. La transparence budg\u00e9taire est essentielle pour permettre aux citoyens, aux contribuables et aux autres acteurs de comprendre le but et les d\u00e9tails de l\u2019ensembles des programmes de politiques de r\u00e9ponse et leurs impacts propos\u00e9s, contribuant ainsi \u00e0 renforcer la confiance, soutenir la mise en \u0153uvre et faciliter leur \u00e9valuation, en aidant \u00e0 pr\u00e9venir les abus. Naturellement, les institutions financi\u00e8res internationales et les donateurs s&#8217;appuient \u00e9galement de plus en plus sur les mesures de transparence budg\u00e9taire dans les pays pour garantir que le financement important qu&#8217;ils fournissent peut \u00eatre suivi et est susceptible d&#8217;\u00eatre utilis\u00e9 de mani\u00e8re appropri\u00e9e.<\/span><\/p>\t\t\t\t\t\t<\/div>\n\t\t\t\t<\/div>\n\t\t\t\t\t<\/div>\n\t\t<\/div>\n\t\t\t\t<div class=\"elementor-column elementor-col-66 elementor-top-column elementor-element elementor-element-5c1f58cb\" data-id=\"5c1f58cb\" data-element_type=\"column\">\n\t\t\t<div class=\"elementor-widget-wrap elementor-element-populated\">\n\t\t\t\t\t\t<div class=\"elementor-element elementor-element-2d2ead2d elementor-cta--skin-classic elementor-animated-content elementor-bg-transform elementor-bg-transform-zoom-in elementor-widget elementor-widget-call-to-action\" data-id=\"2d2ead2d\" data-element_type=\"widget\" data-widget_type=\"call-to-action.default\">\n\t\t\t\t<div class=\"elementor-widget-container\">\n\t\t\t\t\t<div class=\"elementor-cta\">\n\t\t\t\t\t<div class=\"elementor-cta__bg-wrapper\">\n\t\t\t\t<div class=\"elementor-cta__bg elementor-bg\" style=\"background-image: url(https:\/\/d2dl4wi9c2tbm3.cloudfront.net\/19\/2021\/07\/fr\/AFT_MAIN-KV_FRENCH-01.png);\" role=\"img\" aria-label=\"AFT_MAIN KV_FRENCH-01\"><\/div>\n\t\t\t\t<div class=\"elementor-cta__bg-overlay\"><\/div>\n\t\t\t<\/div>\n\t\t\t\t\t\t\t<div class=\"elementor-cta__content\">\n\t\t\t\t\n\t\t\t\t\t\t\t\t\t<h2 class=\"elementor-cta__title elementor-cta__content-item elementor-content-item\">\n\t\t\t\t\t\t Inscrivez-vous maintenant!\t\t\t\t\t<\/h2>\n\t\t\t\t\n\t\t\t\t\n\t\t\t\t\t\t\t\t\t<div class=\"elementor-cta__button-wrapper elementor-cta__content-item elementor-content-item \">\n\t\t\t\t\t<a class=\"elementor-cta__button elementor-button elementor-size-\" href=\"https:\/\/aftx.learning.fiscaltransparency.net\/fr\/cours\/\">\n\t\t\t\t\t\tCliquez ici pour voir les cours disponibles\t\t\t\t\t<\/a>\n\t\t\t\t\t<\/div>\n\t\t\t\t\t\t\t<\/div>\n\t\t\t\t\t\t<\/div>\n\t\t\t\t<\/div>\n\t\t\t\t<\/div>\n\t\t\t\t\t<\/div>\n\t\t<\/div>\n\t\t\t\t\t<\/div>\n\t\t<\/section>\n\t\t\t\t<section class=\"elementor-section elementor-top-section elementor-element elementor-element-747625e3 elementor-section-boxed elementor-section-height-default elementor-section-height-default\" data-id=\"747625e3\" data-element_type=\"section\">\n\t\t\t\t\t\t<div class=\"elementor-container elementor-column-gap-default\">\n\t\t\t\t\t<div class=\"elementor-column elementor-col-100 elementor-top-column elementor-element elementor-element-5e5ddf94\" data-id=\"5e5ddf94\" data-element_type=\"column\">\n\t\t\t<div class=\"elementor-widget-wrap elementor-element-populated\">\n\t\t\t\t\t\t<div class=\"elementor-element elementor-element-6bb6bcb0 elementor-widget elementor-widget-heading\" data-id=\"6bb6bcb0\" data-element_type=\"widget\" data-widget_type=\"heading.default\">\n\t\t\t\t<div class=\"elementor-widget-container\">\n\t\t\t<h2 class=\"elementor-heading-title elementor-size-default\">Objectif du Cours<\/h2>\t\t<\/div>\n\t\t\t\t<\/div>\n\t\t\t\t<div class=\"elementor-element elementor-element-517f51c2 elementor-widget elementor-widget-text-editor\" data-id=\"517f51c2\" data-element_type=\"widget\" data-widget_type=\"text-editor.default\">\n\t\t\t\t<div class=\"elementor-widget-container\">\n\t\t\t\t\t\t\t<p><span style=\"font-weight: 400\">Ce cours vise \u00e0 fournir aux participants des connaissances et des ressources pour faire progresser la transparence budg\u00e9taire. Il fournit des cadres, des recherches, des outils et des explications d\u00e9taill\u00e9es dans le but de rendre les informations financi\u00e8res et budg\u00e9taires plus ouvertes et accessibles \u00e0 toutes les parties prenantes.<\/span><\/p>\t\t\t\t\t\t<\/div>\n\t\t\t\t<\/div>\n\t\t\t\t\t<\/div>\n\t\t<\/div>\n\t\t\t\t\t<\/div>\n\t\t<\/section>\n\t\t\t\t<section class=\"elementor-section elementor-top-section elementor-element elementor-element-487ab338 elementor-section-boxed elementor-section-height-default elementor-section-height-default\" data-id=\"487ab338\" data-element_type=\"section\">\n\t\t\t\t\t\t<div class=\"elementor-container elementor-column-gap-default\">\n\t\t\t\t\t<div class=\"elementor-column elementor-col-100 elementor-top-column elementor-element elementor-element-2677cdfa\" data-id=\"2677cdfa\" data-element_type=\"column\">\n\t\t\t<div class=\"elementor-widget-wrap elementor-element-populated\">\n\t\t\t\t\t\t<div class=\"elementor-element elementor-element-56ea9496 elementor-widget elementor-widget-heading\" data-id=\"56ea9496\" data-element_type=\"widget\" data-widget_type=\"heading.default\">\n\t\t\t\t<div class=\"elementor-widget-container\">\n\t\t\t<h2 class=\"elementor-heading-title elementor-size-default\">Public Cible<\/h2>\t\t<\/div>\n\t\t\t\t<\/div>\n\t\t\t\t<div class=\"elementor-element elementor-element-77c85a4b elementor-widget elementor-widget-text-editor\" data-id=\"77c85a4b\" data-element_type=\"widget\" data-widget_type=\"text-editor.default\">\n\t\t\t\t<div class=\"elementor-widget-container\">\n\t\t\t\t\t\t\t<p><span style=\"font-weight: 400\">Les publics cibles de ce cours sont les fonctionnaires gouvernementaux, les minist\u00e8res des Finances, les parlements et les institutions nationales sup\u00e9rieures de contr\u00f4le ; les repr\u00e9sentants de la soci\u00e9t\u00e9 civile ; les organisations internationales et toute autre partie prenante cherchant \u00e0 am\u00e9liorer la transparence budg\u00e9taore dans leurs pays respectifs et dans le monde.<\/span><\/p>\t\t\t\t\t\t<\/div>\n\t\t\t\t<\/div>\n\t\t\t\t\t<\/div>\n\t\t<\/div>\n\t\t\t\t\t<\/div>\n\t\t<\/section>\n\t\t\t\t<section class=\"elementor-section elementor-top-section elementor-element elementor-element-1bfe499c elementor-section-boxed elementor-section-height-default elementor-section-height-default\" data-id=\"1bfe499c\" data-element_type=\"section\">\n\t\t\t\t\t\t<div class=\"elementor-container elementor-column-gap-default\">\n\t\t\t\t\t<div class=\"elementor-column elementor-col-100 elementor-top-column elementor-element elementor-element-1f9ed35d\" data-id=\"1f9ed35d\" data-element_type=\"column\">\n\t\t\t<div class=\"elementor-widget-wrap elementor-element-populated\">\n\t\t\t\t\t\t<div class=\"elementor-element elementor-element-7144f0e3 elementor-widget elementor-widget-heading\" data-id=\"7144f0e3\" data-element_type=\"widget\" data-widget_type=\"heading.default\">\n\t\t\t\t<div class=\"elementor-widget-container\">\n\t\t\t<h2 class=\"elementor-heading-title elementor-size-default\">Contenu du cours<\/h2>\t\t<\/div>\n\t\t\t\t<\/div>\n\t\t\t\t<div class=\"elementor-element elementor-element-38c55c94 elementor-widget elementor-widget-text-editor\" data-id=\"38c55c94\" data-element_type=\"widget\" data-widget_type=\"text-editor.default\">\n\t\t\t\t<div class=\"elementor-widget-container\">\n\t\t\t\t\t\t\t<p><span style=\"font-weight: 400\">Le cours se compose de cinq modules diff\u00e9rents. Il est offert en anglais et en fran\u00e7ais.<\/span><\/p>\t\t\t\t\t\t<\/div>\n\t\t\t\t<\/div>\n\t\t\t\t\t<\/div>\n\t\t<\/div>\n\t\t\t\t\t<\/div>\n\t\t<\/section>\n\t\t\t\t<section class=\"elementor-section elementor-top-section elementor-element elementor-element-79c59bc2 elementor-section-boxed elementor-section-height-default elementor-section-height-default\" data-id=\"79c59bc2\" data-element_type=\"section\">\n\t\t\t\t\t\t<div class=\"elementor-container elementor-column-gap-default\">\n\t\t\t\t\t<div class=\"elementor-column elementor-col-20 elementor-top-column elementor-element elementor-element-7eabf771\" data-id=\"7eabf771\" data-element_type=\"column\">\n\t\t\t<div class=\"elementor-widget-wrap elementor-element-populated\">\n\t\t\t\t\t\t<div class=\"elementor-element elementor-element-73b391df elementor-widget elementor-widget-image\" data-id=\"73b391df\" data-element_type=\"widget\" data-widget_type=\"image.default\">\n\t\t\t\t<div class=\"elementor-widget-container\">\n\t\t\t\t\t\t\t\t\t\t\t\t\t<img srcset='https:\/\/d2dl4wi9c2tbm3.cloudfront.net\/19\/2021\/11\/AFT_Module1_FRENCH-01-300x169.png 300w, https:\/\/d2dl4wi9c2tbm3.cloudfront.net\/19\/2021\/11\/AFT_Module1_FRENCH-01-768x432.png 768w, https:\/\/d2dl4wi9c2tbm3.cloudfront.net\/19\/2021\/11\/AFT_Module1_FRENCH-01-1024x576.png 1024w' sizes='(max-width: 1024px) 100vw, 1024px' fetchpriority=\"high\" decoding=\"async\" width=\"1024\" height=\"576\" src=\"https:\/\/d2dl4wi9c2tbm3.cloudfront.net\/19\/2021\/11\/AFT_Module1_FRENCH-01-1024x576.png\" class=\"attachment-large size-large wp-image-1463\" alt=\"\" \/>\t\t\t\t\t\t\t\t\t\t\t\t\t<\/div>\n\t\t\t\t<\/div>\n\t\t\t\t\t<\/div>\n\t\t<\/div>\n\t\t\t\t<div class=\"elementor-column elementor-col-20 elementor-top-column elementor-element elementor-element-3a120295\" data-id=\"3a120295\" data-element_type=\"column\">\n\t\t\t<div class=\"elementor-widget-wrap elementor-element-populated\">\n\t\t\t\t\t\t<div class=\"elementor-element elementor-element-34a71018 elementor-widget elementor-widget-image\" data-id=\"34a71018\" data-element_type=\"widget\" data-widget_type=\"image.default\">\n\t\t\t\t<div class=\"elementor-widget-container\">\n\t\t\t\t\t\t\t\t\t\t\t\t\t<img srcset='https:\/\/d2dl4wi9c2tbm3.cloudfront.net\/19\/2021\/11\/AFT_Module2_FRENCH-01-300x169.png 300w, https:\/\/d2dl4wi9c2tbm3.cloudfront.net\/19\/2021\/11\/AFT_Module2_FRENCH-01-768x432.png 768w, https:\/\/d2dl4wi9c2tbm3.cloudfront.net\/19\/2021\/11\/AFT_Module2_FRENCH-01-1024x576.png 1024w' sizes='(max-width: 1024px) 100vw, 1024px' decoding=\"async\" width=\"1024\" height=\"576\" src=\"https:\/\/d2dl4wi9c2tbm3.cloudfront.net\/19\/2021\/11\/AFT_Module2_FRENCH-01-1024x576.png\" class=\"attachment-large size-large wp-image-1465\" alt=\"\" \/>\t\t\t\t\t\t\t\t\t\t\t\t\t<\/div>\n\t\t\t\t<\/div>\n\t\t\t\t\t<\/div>\n\t\t<\/div>\n\t\t\t\t<div class=\"elementor-column elementor-col-20 elementor-top-column elementor-element elementor-element-34c8fdff\" data-id=\"34c8fdff\" data-element_type=\"column\">\n\t\t\t<div class=\"elementor-widget-wrap elementor-element-populated\">\n\t\t\t\t\t\t<div class=\"elementor-element elementor-element-189c32de elementor-widget elementor-widget-image\" data-id=\"189c32de\" data-element_type=\"widget\" data-widget_type=\"image.default\">\n\t\t\t\t<div class=\"elementor-widget-container\">\n\t\t\t\t\t\t\t\t\t\t\t\t\t<img decoding=\"async\" src=\"https:\/\/d2dl4wi9c2tbm3.cloudfront.net\/19\/2021\/11\/AFT_Module3_FRENCH-01.png\" title=\"\" alt=\"\" loading=\"lazy\" \/>\t\t\t\t\t\t\t\t\t\t\t\t\t<\/div>\n\t\t\t\t<\/div>\n\t\t\t\t\t<\/div>\n\t\t<\/div>\n\t\t\t\t<div class=\"elementor-column elementor-col-20 elementor-top-column elementor-element elementor-element-6961571\" data-id=\"6961571\" data-element_type=\"column\">\n\t\t\t<div class=\"elementor-widget-wrap elementor-element-populated\">\n\t\t\t\t\t\t<div class=\"elementor-element elementor-element-4de37ec4 elementor-widget elementor-widget-image\" data-id=\"4de37ec4\" data-element_type=\"widget\" data-widget_type=\"image.default\">\n\t\t\t\t<div class=\"elementor-widget-container\">\n\t\t\t\t\t\t\t\t\t\t\t\t\t<img srcset='https:\/\/d2dl4wi9c2tbm3.cloudfront.net\/19\/2021\/11\/AFT_Module4_FRENCH-01-300x169.png 300w, https:\/\/d2dl4wi9c2tbm3.cloudfront.net\/19\/2021\/11\/AFT_Module4_FRENCH-01-768x432.png 768w, https:\/\/d2dl4wi9c2tbm3.cloudfront.net\/19\/2021\/11\/AFT_Module4_FRENCH-01-1024x576.png 1024w' sizes='(max-width: 1024px) 100vw, 1024px' decoding=\"async\" width=\"1024\" height=\"576\" src=\"https:\/\/d2dl4wi9c2tbm3.cloudfront.net\/19\/2021\/11\/AFT_Module4_FRENCH-01-1024x576.png\" class=\"attachment-large size-large wp-image-1469\" alt=\"\" \/>\t\t\t\t\t\t\t\t\t\t\t\t\t<\/div>\n\t\t\t\t<\/div>\n\t\t\t\t\t<\/div>\n\t\t<\/div>\n\t\t\t\t<div class=\"elementor-column elementor-col-20 elementor-top-column elementor-element elementor-element-4e998a7d\" data-id=\"4e998a7d\" data-element_type=\"column\">\n\t\t\t<div class=\"elementor-widget-wrap elementor-element-populated\">\n\t\t\t\t\t\t<div class=\"elementor-element elementor-element-1ba97e8b elementor-widget elementor-widget-image\" data-id=\"1ba97e8b\" data-element_type=\"widget\" data-widget_type=\"image.default\">\n\t\t\t\t<div class=\"elementor-widget-container\">\n\t\t\t\t\t\t\t\t\t\t\t\t\t<img srcset='https:\/\/d2dl4wi9c2tbm3.cloudfront.net\/19\/2022\/01\/AFT_MAIN-KV_FRENCHv2-01-300x169.png 300w, https:\/\/d2dl4wi9c2tbm3.cloudfront.net\/19\/2022\/01\/AFT_MAIN-KV_FRENCHv2-01-768x432.png 768w, https:\/\/d2dl4wi9c2tbm3.cloudfront.net\/19\/2022\/01\/AFT_MAIN-KV_FRENCHv2-01-1024x576.png 1024w' sizes='(max-width: 1024px) 100vw, 1024px' loading=\"lazy\" decoding=\"async\" width=\"1024\" height=\"576\" src=\"https:\/\/d2dl4wi9c2tbm3.cloudfront.net\/19\/2022\/01\/AFT_MAIN-KV_FRENCHv2-01-1024x576.png\" class=\"attachment-large size-large wp-image-1562\" alt=\"\" \/>\t\t\t\t\t\t\t\t\t\t\t\t\t<\/div>\n\t\t\t\t<\/div>\n\t\t\t\t\t<\/div>\n\t\t<\/div>\n\t\t\t\t\t<\/div>\n\t\t<\/section>\n\t\t\t\t<section class=\"elementor-section elementor-top-section elementor-element elementor-element-38e8bdf4 elementor-section-boxed elementor-section-height-default elementor-section-height-default\" data-id=\"38e8bdf4\" data-element_type=\"section\">\n\t\t\t\t\t\t<div class=\"elementor-container elementor-column-gap-default\">\n\t\t\t\t\t<div class=\"elementor-column elementor-col-100 elementor-top-column elementor-element elementor-element-3080cdc8\" data-id=\"3080cdc8\" data-element_type=\"column\">\n\t\t\t<div class=\"elementor-widget-wrap elementor-element-populated\">\n\t\t\t\t\t\t<div class=\"elementor-element elementor-element-629df54c elementor-widget elementor-widget-text-editor\" data-id=\"629df54c\" data-element_type=\"widget\" data-widget_type=\"text-editor.default\">\n\t\t\t\t<div class=\"elementor-widget-container\">\n\t\t\t\t\t\t\t<p><span style=\"font-weight: 400\">Chaque module, programm\u00e9 pour \u00eatre compl\u00e9t\u00e9 en une semaine, n\u00e9cessite environ 6 \u00e0 8 heures de travail. Le cours est interactif et comprend des vid\u00e9os de cours et le\u00e7ons, des lectures pertinentes, des \u00e9tudes de cas et exemples de terrain, des discussions, des webinaires et des \u00e9valuations continues.<\/span><\/p><p><span style=\"font-weight: 400\">Les participants au cours acquerront non seulement des connaissances th\u00e9oriques sur l&#8217;am\u00e9lioration de la transparence budg\u00e9taire, mais verront \u00e9galement la transparence budg\u00e9taire en action, en acqu\u00e9rant des connaissances pratiques gr\u00e2ce \u00e0 la vaste exp\u00e9rience d&#8217;experts et de praticiens.<\/span><\/p><p><span style=\"font-weight: 400\">Dans la premi\u00e8re moiti\u00e9 du cours, les participants apprennent les bases de la transparence budg\u00e9taire, y compris ce que c&#8217;est, qui sont les acteurs cl\u00e9s impliqu\u00e9s et ce que l&#8217;on attend de chacun d&#8217;eux, ainsi que ce que signifie atteindre des niveaux suffisants de transparence budg\u00e9taire. Dans la seconde moiti\u00e9 du cours, les participants acquerront des connaissances sur les derniers outils facilitant la transparence budg\u00e9taire, \u00e0 l&#8217;\u00e8re num\u00e9rique. Ils d\u00e9couvriront \u00e9galement les facteurs non techniques qui ont une grande influence sur le succ\u00e8s potentiel des initiatives de transparence budg\u00e9taire. Le cours se termine par l&#8217;apprentissage des mesures qui peuvent \u00eatre prises pour surmonter ces obstacles rencontr\u00e9s r\u00e9guli\u00e8rement et pour tirer parti des fen\u00eatres d&#8217;opportunit\u00e9 pour am\u00e9liorer la transparence budg\u00e9taire.<\/span><\/p>\t\t\t\t\t\t<\/div>\n\t\t\t\t<\/div>\n\t\t\t\t\t<\/div>\n\t\t<\/div>\n\t\t\t\t\t<\/div>\n\t\t<\/section>\n\t\t\t\t<\/div>\n\t\t","protected":false},"excerpt":{"rendered":"<p>\u00c0 PROPOS DE L&#8217;AFTX La transparence budg\u00e9taire est essentielle pour garantir l&#8217;utilisation efficace et \u00e9quitable des ressources publiques, comme en t\u00e9moignent de nombreuses \u00e9tudes qui ont montr\u00e9 ses nombreux avantages. Pourtant, \u00e0 travers le monde, la transparence budg\u00e9taire a progress\u00e9 . . .<\/p>\n","protected":false},"author":4462,"featured_media":0,"parent":0,"menu_order":0,"comment_status":"closed","ping_status":"closed","template":"","meta":{"_acf_changed":false,"footnotes":""},"class_list":["post-964","page","type-page","status-publish","hentry"],"acf":[],"_links":{"self":[{"href":"https:\/\/aftx.learning.fiscaltransparency.net\/fr\/wp-json\/wp\/v2\/pages\/964"}],"collection":[{"href":"https:\/\/aftx.learning.fiscaltransparency.net\/fr\/wp-json\/wp\/v2\/pages"}],"about":[{"href":"https:\/\/aftx.learning.fiscaltransparency.net\/fr\/wp-json\/wp\/v2\/types\/page"}],"author":[{"embeddable":true,"href":"https:\/\/aftx.learning.fiscaltransparency.net\/fr\/wp-json\/wp\/v2\/users\/4462"}],"replies":[{"embeddable":true,"href":"https:\/\/aftx.learning.fiscaltransparency.net\/fr\/wp-json\/wp\/v2\/comments?post=964"}],"version-history":[{"count":10,"href":"https:\/\/aftx.learning.fiscaltransparency.net\/fr\/wp-json\/wp\/v2\/pages\/964\/revisions"}],"predecessor-version":[{"id":1593,"href":"https:\/\/aftx.learning.fiscaltransparency.net\/fr\/wp-json\/wp\/v2\/pages\/964\/revisions\/1593"}],"wp:attachment":[{"href":"https:\/\/aftx.learning.fiscaltransparency.net\/fr\/wp-json\/wp\/v2\/media?parent=964"}],"curies":[{"name":"wp","href":"https:\/\/api.w.org\/{rel}","templated":true}]}}