{"id":967,"date":"2021-08-30T03:10:57","date_gmt":"2021-08-30T03:10:57","guid":{"rendered":"https:\/\/aftx.learning.fiscaltransparency.net\/?page_id=967"},"modified":"2022-01-11T15:06:21","modified_gmt":"2022-01-11T15:06:21","slug":"a-propos-de-gift","status":"publish","type":"page","link":"https:\/\/aftx.learning.fiscaltransparency.net\/fr\/a-propos-de-gift\/","title":{"rendered":"\u00c0 Propos de GIFT"},"content":{"rendered":"\t\t<div data-elementor-type=\"wp-page\" data-elementor-id=\"967\" class=\"elementor elementor-967\" data-elementor-post-type=\"page\">\n\t\t\t\t\t\t<section class=\"elementor-section elementor-top-section elementor-element elementor-element-4acffca4 elementor-section-boxed elementor-section-height-default elementor-section-height-default\" data-id=\"4acffca4\" data-element_type=\"section\">\n\t\t\t\t\t\t<div class=\"elementor-container elementor-column-gap-default\">\n\t\t\t\t\t<div class=\"elementor-column elementor-col-100 elementor-top-column elementor-element elementor-element-6fd08375\" data-id=\"6fd08375\" data-element_type=\"column\">\n\t\t\t<div class=\"elementor-widget-wrap elementor-element-populated\">\n\t\t\t\t\t\t<div class=\"elementor-element elementor-element-2fc89c8 elementor--h-position-center elementor--v-position-middle elementor-arrows-position-inside elementor-pagination-position-inside elementor-widget elementor-widget-slides\" data-id=\"2fc89c8\" data-element_type=\"widget\" data-settings=\"{&quot;transition&quot;:&quot;fade&quot;,&quot;navigation&quot;:&quot;both&quot;,&quot;autoplay&quot;:&quot;yes&quot;,&quot;pause_on_hover&quot;:&quot;yes&quot;,&quot;pause_on_interaction&quot;:&quot;yes&quot;,&quot;autoplay_speed&quot;:5000,&quot;infinite&quot;:&quot;yes&quot;,&quot;transition_speed&quot;:500}\" data-widget_type=\"slides.default\">\n\t\t\t\t<div class=\"elementor-widget-container\">\n\t\t\t\t\t<div class=\"elementor-swiper\">\n\t\t\t<div class=\"elementor-slides-wrapper elementor-main-swiper swiper\" dir=\"ltr\" data-animation=\"fadeInUp\">\n\t\t\t\t<div class=\"swiper-wrapper elementor-slides\">\n\t\t\t\t\t\t\t\t\t\t<div class=\"elementor-repeater-item-228d6d0 swiper-slide\"><div class=\"swiper-slide-bg\" role=\"img\"><\/div><a class=\"swiper-slide-inner\" href=\"https:\/\/www.fiscaltransparency.net\/about\/\"><div class=\"swiper-slide-contents\"><div  class=\"elementor-button elementor-slide-button elementor-size-sm\">Apprenez-en plus sur GIFT!<\/div><\/div><\/a><\/div>\t\t\t\t<\/div>\n\t\t\t\t\t\t\t<\/div>\n\t\t<\/div>\n\t\t\t\t<\/div>\n\t\t\t\t<\/div>\n\t\t\t\t\t<\/div>\n\t\t<\/div>\n\t\t\t\t\t<\/div>\n\t\t<\/section>\n\t\t\t\t<section class=\"elementor-section elementor-top-section elementor-element elementor-element-7bfe4382 elementor-section-boxed elementor-section-height-default elementor-section-height-default\" data-id=\"7bfe4382\" data-element_type=\"section\">\n\t\t\t\t\t\t\t<div class=\"elementor-background-overlay\"><\/div>\n\t\t\t\t\t\t\t<div class=\"elementor-container elementor-column-gap-default\">\n\t\t\t\t\t<div class=\"elementor-column elementor-col-50 elementor-top-column elementor-element elementor-element-393fce74\" data-id=\"393fce74\" data-element_type=\"column\">\n\t\t\t<div class=\"elementor-widget-wrap elementor-element-populated\">\n\t\t\t\t\t\t<div class=\"elementor-element elementor-element-667db2a8 elementor-widget elementor-widget-heading\" data-id=\"667db2a8\" data-element_type=\"widget\" data-widget_type=\"heading.default\">\n\t\t\t\t<div class=\"elementor-widget-container\">\n\t\t\t<h3 class=\"elementor-heading-title elementor-size-default\">Qui sommes-nous?<\/h3>\t\t<\/div>\n\t\t\t\t<\/div>\n\t\t\t\t<div class=\"elementor-element elementor-element-373a148e elementor-widget elementor-widget-text-editor\" data-id=\"373a148e\" data-element_type=\"widget\" data-widget_type=\"text-editor.default\">\n\t\t\t\t<div class=\"elementor-widget-container\">\n\t\t\t\t\t\t\t<p><span style=\"font-weight: 400\">L&#8217;Initiative mondiale pour la transparence budg\u00e9taire (GIFT) a \u00e9t\u00e9 fond\u00e9e en 2011 par le Partenariat budg\u00e9taire international, la Banque mondiale, le Fonds mon\u00e9taire international et les gouvernements du Br\u00e9sil et des Philippines, en tant que r\u00e9seau d&#8217;action \u00e0 but non lucratif pour r\u00e9pondre au d\u00e9ficit d&#8217;informations significatives et accessibles au public en mati\u00e8re de finances publiques \u00e0 travers le monde. Le r\u00e9seau est compos\u00e9 de plus de 20 agences budg\u00e9taires gouvernementales ; de nombreuses organisations de la soci\u00e9t\u00e9 civile, des r\u00e9seaux d&#8217;organisations internationales ainsi que des bailleurs de fonds. Par le biais de plaidoyers, de dialogue de haut niveau, d&#8217;apprentissage entre pairs, de collaboration technique, d&#8217;innovation et recherche, GIFT aide \u00e0 harmoniser l&#8217;architecture normative des normes et standards en mati\u00e8re de transparence budg\u00e9taire ; et facilite le dialogue entre les gouvernements, les organisations de la soci\u00e9t\u00e9 civile, les institutions financi\u00e8res internationales et les autres parties prenantes ; afin de trouver et partager des solutions aux d\u00e9fis de la transparence budg\u00e9taire et de la participation. Plus d&#8217;informations peuvent \u00eatre trouv\u00e9es ici sur le r\u00e9seau GIFT.<\/span><\/p>\t\t\t\t\t\t<\/div>\n\t\t\t\t<\/div>\n\t\t\t\t<div class=\"elementor-element elementor-element-356ae1fa elementor-align-center elementor-widget elementor-widget-button\" data-id=\"356ae1fa\" data-element_type=\"widget\" data-widget_type=\"button.default\">\n\t\t\t\t<div class=\"elementor-widget-container\">\n\t\t\t\t\t<div class=\"elementor-button-wrapper\">\n\t\t\t<a class=\"elementor-button elementor-button-link elementor-size-sm\" href=\"http:\/\/www.fiscaltransparency.net\/\">\n\t\t\t\t\t\t<span class=\"elementor-button-content-wrapper\">\n\t\t\t\t\t\t\t\t\t<span class=\"elementor-button-text\">Vers la page principale de GIFT<\/span>\n\t\t\t\t\t<\/span>\n\t\t\t\t\t<\/a>\n\t\t<\/div>\n\t\t\t\t<\/div>\n\t\t\t\t<\/div>\n\t\t\t\t\t<\/div>\n\t\t<\/div>\n\t\t\t\t<div class=\"elementor-column elementor-col-50 elementor-top-column elementor-element elementor-element-10e1a67e\" data-id=\"10e1a67e\" data-element_type=\"column\">\n\t\t\t<div class=\"elementor-widget-wrap elementor-element-populated\">\n\t\t\t\t\t\t<div class=\"elementor-element elementor-element-7626d1f0 elementor-widget elementor-widget-image\" data-id=\"7626d1f0\" data-element_type=\"widget\" data-widget_type=\"image.default\">\n\t\t\t\t<div class=\"elementor-widget-container\">\n\t\t\t\t\t\t\t\t\t\t\t\t\t<img decoding=\"async\" width=\"200\" height=\"200\" src=\"https:\/\/d2dl4wi9c2tbm3.cloudfront.net\/19\/2021\/01\/favicon.png\" class=\"attachment-large size-large wp-image-8\" alt=\"\" \/>\t\t\t\t\t\t\t\t\t\t\t\t\t<\/div>\n\t\t\t\t<\/div>\n\t\t\t\t\t<\/div>\n\t\t<\/div>\n\t\t\t\t\t<\/div>\n\t\t<\/section>\n\t\t\t\t<\/div>\n\t\t","protected":false},"excerpt":{"rendered":"<p>Apprenez-en plus sur GIFT! Qui sommes-nous? L&#8217;Initiative mondiale pour la transparence budg\u00e9taire (GIFT) a \u00e9t\u00e9 fond\u00e9e en 2011 par le Partenariat budg\u00e9taire international, la Banque mondiale, le Fonds mon\u00e9taire international et les gouvernements du Br\u00e9sil et des Philippines, en tant . . .<\/p>\n","protected":false},"author":4462,"featured_media":0,"parent":0,"menu_order":0,"comment_status":"closed","ping_status":"closed","template":"","meta":{"_acf_changed":false,"footnotes":""},"class_list":["post-967","page","type-page","status-publish","hentry"],"acf":[],"_links":{"self":[{"href":"https:\/\/aftx.learning.fiscaltransparency.net\/fr\/wp-json\/wp\/v2\/pages\/967"}],"collection":[{"href":"https:\/\/aftx.learning.fiscaltransparency.net\/fr\/wp-json\/wp\/v2\/pages"}],"about":[{"href":"https:\/\/aftx.learning.fiscaltransparency.net\/fr\/wp-json\/wp\/v2\/types\/page"}],"author":[{"embeddable":true,"href":"https:\/\/aftx.learning.fiscaltransparency.net\/fr\/wp-json\/wp\/v2\/users\/4462"}],"replies":[{"embeddable":true,"href":"https:\/\/aftx.learning.fiscaltransparency.net\/fr\/wp-json\/wp\/v2\/comments?post=967"}],"version-history":[{"count":10,"href":"https:\/\/aftx.learning.fiscaltransparency.net\/fr\/wp-json\/wp\/v2\/pages\/967\/revisions"}],"predecessor-version":[{"id":1498,"href":"https:\/\/aftx.learning.fiscaltransparency.net\/fr\/wp-json\/wp\/v2\/pages\/967\/revisions\/1498"}],"wp:attachment":[{"href":"https:\/\/aftx.learning.fiscaltransparency.net\/fr\/wp-json\/wp\/v2\/media?parent=967"}],"curies":[{"name":"wp","href":"https:\/\/api.w.org\/{rel}","templated":true}]}}