{"id":975,"date":"2021-08-30T03:13:31","date_gmt":"2021-08-30T03:13:31","guid":{"rendered":"https:\/\/aftx.learning.fiscaltransparency.net\/?page_id=975"},"modified":"2022-01-11T15:03:35","modified_gmt":"2022-01-11T15:03:35","slug":"remerciements","status":"publish","type":"page","link":"https:\/\/aftx.learning.fiscaltransparency.net\/fr\/remerciements\/","title":{"rendered":"Remerciements"},"content":{"rendered":"\t\t<div data-elementor-type=\"wp-page\" data-elementor-id=\"975\" class=\"elementor elementor-975\" data-elementor-post-type=\"page\">\n\t\t\t\t\t\t<section class=\"elementor-section elementor-top-section elementor-element elementor-element-1a9d7868 elementor-section-boxed elementor-section-height-default elementor-section-height-default\" data-id=\"1a9d7868\" data-element_type=\"section\">\n\t\t\t\t\t\t<div class=\"elementor-container elementor-column-gap-default\">\n\t\t\t\t\t<div class=\"elementor-column elementor-col-100 elementor-top-column elementor-element elementor-element-b4bd512\" data-id=\"b4bd512\" data-element_type=\"column\">\n\t\t\t<div class=\"elementor-widget-wrap elementor-element-populated\">\n\t\t\t\t\t\t<div class=\"elementor-element elementor-element-651c1819 elementor--h-position-center elementor--v-position-middle elementor-arrows-position-inside elementor-pagination-position-inside elementor-widget elementor-widget-slides\" data-id=\"651c1819\" data-element_type=\"widget\" data-settings=\"{&quot;navigation&quot;:&quot;both&quot;,&quot;autoplay&quot;:&quot;yes&quot;,&quot;pause_on_hover&quot;:&quot;yes&quot;,&quot;pause_on_interaction&quot;:&quot;yes&quot;,&quot;autoplay_speed&quot;:5000,&quot;infinite&quot;:&quot;yes&quot;,&quot;transition&quot;:&quot;slide&quot;,&quot;transition_speed&quot;:500}\" data-widget_type=\"slides.default\">\n\t\t\t\t<div class=\"elementor-widget-container\">\n\t\t\t\t\t<div class=\"elementor-swiper\">\n\t\t\t<div class=\"elementor-slides-wrapper elementor-main-swiper swiper\" dir=\"ltr\" data-animation=\"fadeInUp\">\n\t\t\t\t<div class=\"swiper-wrapper elementor-slides\">\n\t\t\t\t\t\t\t\t\t\t<div class=\"elementor-repeater-item-f5718a3 swiper-slide\"><div class=\"swiper-slide-bg\" role=\"img\"><\/div><div class=\"swiper-slide-inner\" ><div class=\"swiper-slide-contents\"><\/div><\/div><\/div>\t\t\t\t<\/div>\n\t\t\t\t\t\t\t<\/div>\n\t\t<\/div>\n\t\t\t\t<\/div>\n\t\t\t\t<\/div>\n\t\t\t\t\t<\/div>\n\t\t<\/div>\n\t\t\t\t\t<\/div>\n\t\t<\/section>\n\t\t\t\t<section class=\"elementor-section elementor-top-section elementor-element elementor-element-229a0c9c elementor-section-boxed elementor-section-height-default elementor-section-height-default\" data-id=\"229a0c9c\" data-element_type=\"section\">\n\t\t\t\t\t\t<div class=\"elementor-container elementor-column-gap-default\">\n\t\t\t\t\t<div class=\"elementor-column elementor-col-100 elementor-top-column elementor-element elementor-element-37a96bb9\" data-id=\"37a96bb9\" data-element_type=\"column\">\n\t\t\t<div class=\"elementor-widget-wrap elementor-element-populated\">\n\t\t\t\t\t\t<div class=\"elementor-element elementor-element-28556d96 elementor-widget elementor-widget-heading\" data-id=\"28556d96\" data-element_type=\"widget\" data-widget_type=\"heading.default\">\n\t\t\t\t<div class=\"elementor-widget-container\">\n\t\t\t<h2 class=\"elementor-heading-title elementor-size-default\">MENTION SP\u00c9CIALE ET REMERCIEMENTS <\/h2>\t\t<\/div>\n\t\t\t\t<\/div>\n\t\t\t\t\t<\/div>\n\t\t<\/div>\n\t\t\t\t\t<\/div>\n\t\t<\/section>\n\t\t\t\t<section class=\"elementor-section elementor-top-section elementor-element elementor-element-5859d9e9 elementor-section-boxed elementor-section-height-default elementor-section-height-default\" data-id=\"5859d9e9\" data-element_type=\"section\">\n\t\t\t\t\t\t<div class=\"elementor-container elementor-column-gap-default\">\n\t\t\t\t\t<div class=\"elementor-column elementor-col-20 elementor-top-column elementor-element elementor-element-53adeab2\" data-id=\"53adeab2\" data-element_type=\"column\">\n\t\t\t<div class=\"elementor-widget-wrap\">\n\t\t\t\t\t\t\t<\/div>\n\t\t<\/div>\n\t\t\t\t<div class=\"elementor-column elementor-col-20 elementor-top-column elementor-element elementor-element-3dce632e\" data-id=\"3dce632e\" data-element_type=\"column\">\n\t\t\t<div class=\"elementor-widget-wrap elementor-element-populated\">\n\t\t\t\t\t\t<div class=\"elementor-element elementor-element-599f0e60 elementor-widget elementor-widget-image\" data-id=\"599f0e60\" data-element_type=\"widget\" data-widget_type=\"image.default\">\n\t\t\t\t<div class=\"elementor-widget-container\">\n\t\t\t\t\t\t\t\t\t\t\t\t\t<img srcset='https:\/\/d2dl4wi9c2tbm3.cloudfront.net\/19\/2021\/07\/fr\/1200px-U.S._Department_of_State_official_seal.svg_-300x300.png 300w, https:\/\/d2dl4wi9c2tbm3.cloudfront.net\/19\/2021\/07\/fr\/1200px-U.S._Department_of_State_official_seal.svg_-768x768.png 768w, https:\/\/d2dl4wi9c2tbm3.cloudfront.net\/19\/2021\/07\/fr\/1200px-U.S._Department_of_State_official_seal.svg_-1024x1024.png 1024w' sizes='(max-width: 1024px) 100vw, 1024px' fetchpriority=\"high\" decoding=\"async\" width=\"1024\" height=\"1024\" src=\"https:\/\/d2dl4wi9c2tbm3.cloudfront.net\/19\/2021\/07\/fr\/1200px-U.S._Department_of_State_official_seal.svg_-1024x1024.png\" class=\"attachment-large size-large wp-image-597\" alt=\"\" \/>\t\t\t\t\t\t\t\t\t\t\t\t\t<\/div>\n\t\t\t\t<\/div>\n\t\t\t\t\t<\/div>\n\t\t<\/div>\n\t\t\t\t<div class=\"elementor-column elementor-col-20 elementor-top-column elementor-element elementor-element-6c04634f\" data-id=\"6c04634f\" data-element_type=\"column\">\n\t\t\t<div class=\"elementor-widget-wrap\">\n\t\t\t\t\t\t\t<\/div>\n\t\t<\/div>\n\t\t\t\t<div class=\"elementor-column elementor-col-20 elementor-top-column elementor-element elementor-element-3502b4b2\" data-id=\"3502b4b2\" data-element_type=\"column\">\n\t\t\t<div class=\"elementor-widget-wrap elementor-element-populated\">\n\t\t\t\t\t\t<div class=\"elementor-element elementor-element-770fba88 elementor-widget elementor-widget-image\" data-id=\"770fba88\" data-element_type=\"widget\" data-widget_type=\"image.default\">\n\t\t\t\t<div class=\"elementor-widget-container\">\n\t\t\t\t\t\t\t\t\t\t\t\t\t<img decoding=\"async\" width=\"627\" height=\"537\" src=\"https:\/\/d2dl4wi9c2tbm3.cloudfront.net\/19\/2021\/07\/fr\/flag-and-seal-01-p-1080-transparent-2.png\" class=\"attachment-large size-large wp-image-599\" alt=\"\" \/>\t\t\t\t\t\t\t\t\t\t\t\t\t<\/div>\n\t\t\t\t<\/div>\n\t\t\t\t\t<\/div>\n\t\t<\/div>\n\t\t\t\t<div class=\"elementor-column elementor-col-20 elementor-top-column elementor-element elementor-element-695359c8\" data-id=\"695359c8\" data-element_type=\"column\">\n\t\t\t<div class=\"elementor-widget-wrap\">\n\t\t\t\t\t\t\t<\/div>\n\t\t<\/div>\n\t\t\t\t\t<\/div>\n\t\t<\/section>\n\t\t\t\t<section class=\"elementor-section elementor-top-section elementor-element elementor-element-3219f4b8 elementor-section-boxed elementor-section-height-default elementor-section-height-default\" data-id=\"3219f4b8\" data-element_type=\"section\">\n\t\t\t\t\t\t<div class=\"elementor-container elementor-column-gap-default\">\n\t\t\t\t\t<div class=\"elementor-column elementor-col-100 elementor-top-column elementor-element elementor-element-1ba1a578\" data-id=\"1ba1a578\" data-element_type=\"column\">\n\t\t\t<div class=\"elementor-widget-wrap elementor-element-populated\">\n\t\t\t\t\t\t<div class=\"elementor-element elementor-element-26079677 elementor-widget elementor-widget-text-editor\" data-id=\"26079677\" data-element_type=\"widget\" data-widget_type=\"text-editor.default\">\n\t\t\t\t<div class=\"elementor-widget-container\">\n\t\t\t\t\t\t\t<p><span style=\"font-weight: 400\">Nous tenons \u00e0 remercier gracieusement le D\u00e9partement d&#8217;\u00c9tat des \u00c9tats-Unis pour le financement de cette initiative importante. En outre, nous tenons \u00e9galement \u00e0 remercier les partenaires et les membres du r\u00e9seau GIFT pour avoir fourni sans rel\u00e2che leur vaste expertise, leurs connaissances et leur exp\u00e9rience en mati\u00e8re de promotion et d\u2019am\u00e9lioration des politiques de transparence budg\u00e9taire, enrichissant ainsi consid\u00e9rablement le cours.<\/span><\/p>\t\t\t\t\t\t<\/div>\n\t\t\t\t<\/div>\n\t\t\t\t\t<\/div>\n\t\t<\/div>\n\t\t\t\t\t<\/div>\n\t\t<\/section>\n\t\t\t\t<section class=\"elementor-section elementor-top-section elementor-element elementor-element-1f9e9723 elementor-section-boxed elementor-section-height-default elementor-section-height-default\" data-id=\"1f9e9723\" data-element_type=\"section\">\n\t\t\t\t\t\t<div class=\"elementor-container elementor-column-gap-default\">\n\t\t\t\t\t<div class=\"elementor-column elementor-col-100 elementor-top-column elementor-element elementor-element-620636d\" data-id=\"620636d\" data-element_type=\"column\">\n\t\t\t<div class=\"elementor-widget-wrap elementor-element-populated\">\n\t\t\t\t\t\t<div class=\"elementor-element elementor-element-76ce151 elementor-widget elementor-widget-heading\" data-id=\"76ce151\" data-element_type=\"widget\" data-widget_type=\"heading.default\">\n\t\t\t\t<div class=\"elementor-widget-container\">\n\t\t\t<h2 class=\"elementor-heading-title elementor-size-default\">Une note sur le droit d'auteur<\/h2>\t\t<\/div>\n\t\t\t\t<\/div>\n\t\t\t\t<div class=\"elementor-element elementor-element-6e6fe63b elementor-widget elementor-widget-text-editor\" data-id=\"6e6fe63b\" data-element_type=\"widget\" data-widget_type=\"text-editor.default\">\n\t\t\t\t<div class=\"elementor-widget-container\">\n\t\t\t\t\t\t\t<p><span style=\"font-weight: 400\">Ce mat\u00e9riel de formation est la propri\u00e9t\u00e9 de l&#8217;International Budget Partnership (IBP, Partenariat budg\u00e9taire international), d\u00e9velopp\u00e9 par son programme, le r\u00e9seau de l\u2019Initiative mondiale pour la transparence budg\u00e9taire (GIFT). Toute r\u00e9utilisation n\u00e9cessite l&#8217;autorisation de l&#8217;IBP.<\/span><\/p>\t\t\t\t\t\t<\/div>\n\t\t\t\t<\/div>\n\t\t\t\t\t<\/div>\n\t\t<\/div>\n\t\t\t\t\t<\/div>\n\t\t<\/section>\n\t\t\t\t<\/div>\n\t\t","protected":false},"excerpt":{"rendered":"<p>MENTION SP\u00c9CIALE ET REMERCIEMENTS Nous tenons \u00e0 remercier gracieusement le D\u00e9partement d&#8217;\u00c9tat des \u00c9tats-Unis pour le financement de cette initiative importante. En outre, nous tenons \u00e9galement \u00e0 remercier les partenaires et les membres du r\u00e9seau GIFT pour avoir fourni sans . . .<\/p>\n","protected":false},"author":4462,"featured_media":0,"parent":0,"menu_order":0,"comment_status":"closed","ping_status":"closed","template":"","meta":{"_acf_changed":false,"footnotes":""},"class_list":["post-975","page","type-page","status-publish","hentry"],"acf":[],"_links":{"self":[{"href":"https:\/\/aftx.learning.fiscaltransparency.net\/fr\/wp-json\/wp\/v2\/pages\/975"}],"collection":[{"href":"https:\/\/aftx.learning.fiscaltransparency.net\/fr\/wp-json\/wp\/v2\/pages"}],"about":[{"href":"https:\/\/aftx.learning.fiscaltransparency.net\/fr\/wp-json\/wp\/v2\/types\/page"}],"author":[{"embeddable":true,"href":"https:\/\/aftx.learning.fiscaltransparency.net\/fr\/wp-json\/wp\/v2\/users\/4462"}],"replies":[{"embeddable":true,"href":"https:\/\/aftx.learning.fiscaltransparency.net\/fr\/wp-json\/wp\/v2\/comments?post=975"}],"version-history":[{"count":10,"href":"https:\/\/aftx.learning.fiscaltransparency.net\/fr\/wp-json\/wp\/v2\/pages\/975\/revisions"}],"predecessor-version":[{"id":1574,"href":"https:\/\/aftx.learning.fiscaltransparency.net\/fr\/wp-json\/wp\/v2\/pages\/975\/revisions\/1574"}],"wp:attachment":[{"href":"https:\/\/aftx.learning.fiscaltransparency.net\/fr\/wp-json\/wp\/v2\/media?parent=975"}],"curies":[{"name":"wp","href":"https:\/\/api.w.org\/{rel}","templated":true}]}}